{"id":907,"date":"2017-04-09T03:03:11","date_gmt":"2017-04-08T20:03:11","guid":{"rendered":"http:\/\/consoc.com.vn\/?post_type=product&#038;p=907"},"modified":"2025-03-27T10:23:46","modified_gmt":"2025-03-27T03:23:46","slug":"ca-phe-phin-loc-den-ly-giay","status":"publish","type":"product","link":"https:\/\/consoc.com.vn\/?product=ca-phe-phin-loc-den-ly-giay&lang=vi","title":{"rendered":"Phin l\u1ecdc \u0110en Ly gi\u1ea5y"},"content":{"rendered":"<p>-\u0110\u1ed9 rang \u0111\u1eadm, s\u1eadm m\u00e0u.<br \/>\n-V\u1ecb \u0111\u1eafng &#038; \u0111\u1eadm.<br \/>\n-D\u00f9ng thay c\u00e0 ph\u00ea Espresso pha m\u00e1y.<br \/>\n-Th\u00edch h\u1ee3p cho ng\u01b0\u1eddi ghi\u1ec1n c\u00e0 ph\u00ea, tu\u1ed5i thanh ni\u00ean.<br \/>\n-C\u00f3 th\u00eam ly gi\u1ea5y d\u00f9ng khi \u0111i d\u00e3 ngo\u1ea1i.<br \/>\n-G\u1ed3m: 10 phin gi\u1ea5y + 10 g\u00f3i \u0111\u01b0\u1eddng.<\/p>\n","protected":false},"excerpt":{"rendered":"<p>Arabica 70% + Robusta 30%<\/p>\n","protected":false},"featured_media":1947,"comment_status":"open","ping_status":"closed","template":"","meta":[],"product_cat":[59],"product_tag":[],"_links":{"self":[{"href":"https:\/\/consoc.com.vn\/index.php?rest_route=\/wp\/v2\/product\/907"}],"collection":[{"href":"https:\/\/consoc.com.vn\/index.php?rest_route=\/wp\/v2\/product"}],"about":[{"href":"https:\/\/consoc.com.vn\/index.php?rest_route=\/wp\/v2\/types\/product"}],"replies":[{"embeddable":true,"href":"https:\/\/consoc.com.vn\/index.php?rest_route=%2Fwp%2Fv2%2Fcomments&post=907"}],"wp:featuredmedia":[{"embeddable":true,"href":"https:\/\/consoc.com.vn\/index.php?rest_route=\/wp\/v2\/media\/1947"}],"wp:attachment":[{"href":"https:\/\/consoc.com.vn\/index.php?rest_route=%2Fwp%2Fv2%2Fmedia&parent=907"}],"wp:term":[{"taxonomy":"product_cat","embeddable":true,"href":"https:\/\/consoc.com.vn\/index.php?rest_route=%2Fwp%2Fv2%2Fproduct_cat&post=907"},{"taxonomy":"product_tag","embeddable":true,"href":"https:\/\/consoc.com.vn\/index.php?rest_route=%2Fwp%2Fv2%2Fproduct_tag&post=907"}],"curies":[{"name":"wp","href":"https:\/\/api.w.org\/{rel}","templated":true}]}}