{"id":663,"date":"2017-04-14T11:20:20","date_gmt":"2017-04-14T04:20:20","guid":{"rendered":"http:\/\/consoc.com.vn\/?post_type=product&#038;p=663"},"modified":"2025-03-27T10:19:15","modified_gmt":"2025-03-27T03:19:15","slug":"ca-phe-phin-loc-xanh-don","status":"publish","type":"product","link":"https:\/\/consoc.com.vn\/?product=ca-phe-phin-loc-xanh-don&lang=vi","title":{"rendered":"C\u00e0 ph\u00ea Phin l\u1ecdc Xanh \u0111\u01a1n"},"content":{"rendered":"<p>-\u0110\u1ed9 rang nh\u1ea1t.<br \/>\n-V\u1ecb \u0111\u1eafng nguy\u00ean th\u1ee7y c\u1ee7a h\u1ea1t Arabica, h\u01b0\u01a1ng th\u01a1m t\u1ef1 nhi\u00ean.<br \/>\n-U\u1ed1ng kh\u00f4ng \u0111\u01b0\u1eddng ho\u1eb7c v\u1edbi \u0111\u01b0\u1eddng, s\u1eefa.<br \/>\n-Th\u00edch h\u1ee3p v\u1edbi ng\u01b0\u1eddi s\u00e0nh \u0111i\u1ec7u th\u00edch c\u00e0 ph\u00ea h\u01b0\u01a1ng v\u1ecb nguy\u00ean th\u1ee7y.<br \/>\n-G\u1ed3m: 10 phin gi\u1ea5y + 10 g\u00f3i \u0111\u01b0\u1eddng.<\/p>\n","protected":false},"excerpt":{"rendered":"<p>Arabica 100%<\/p>\n","protected":false},"featured_media":1927,"comment_status":"open","ping_status":"closed","template":"","meta":[],"product_cat":[59],"product_tag":[],"_links":{"self":[{"href":"https:\/\/consoc.com.vn\/index.php?rest_route=\/wp\/v2\/product\/663"}],"collection":[{"href":"https:\/\/consoc.com.vn\/index.php?rest_route=\/wp\/v2\/product"}],"about":[{"href":"https:\/\/consoc.com.vn\/index.php?rest_route=\/wp\/v2\/types\/product"}],"replies":[{"embeddable":true,"href":"https:\/\/consoc.com.vn\/index.php?rest_route=%2Fwp%2Fv2%2Fcomments&post=663"}],"wp:featuredmedia":[{"embeddable":true,"href":"https:\/\/consoc.com.vn\/index.php?rest_route=\/wp\/v2\/media\/1927"}],"wp:attachment":[{"href":"https:\/\/consoc.com.vn\/index.php?rest_route=%2Fwp%2Fv2%2Fmedia&parent=663"}],"wp:term":[{"taxonomy":"product_cat","embeddable":true,"href":"https:\/\/consoc.com.vn\/index.php?rest_route=%2Fwp%2Fv2%2Fproduct_cat&post=663"},{"taxonomy":"product_tag","embeddable":true,"href":"https:\/\/consoc.com.vn\/index.php?rest_route=%2Fwp%2Fv2%2Fproduct_tag&post=663"}],"curies":[{"name":"wp","href":"https:\/\/api.w.org\/{rel}","templated":true}]}}