{"id":455,"date":"2017-04-01T10:02:46","date_gmt":"2017-04-01T03:02:46","guid":{"rendered":"http:\/\/consoc.com.vn\/?post_type=product&#038;p=455"},"modified":"2025-03-27T10:30:08","modified_gmt":"2025-03-27T03:30:08","slug":"hat-robusta-200g","status":"publish","type":"product","link":"https:\/\/consoc.com.vn\/?product=hat-robusta-200g&lang=vi","title":{"rendered":"H\u1ea1t Robusta 200g"},"content":{"rendered":"<p>-\u0110\u1ed9 rang trung b\u00ecnh.<br \/>\n-V\u1ecb \u0111\u1eafng v\u1eeba ph\u1ea3i.<br \/>\n-H\u01b0\u01a1ng th\u01a1m t\u1ef1 nhi\u00ean.<br \/>\n-D\u00f9ng kh\u00f4ng \u0111\u01b0\u1eddng ho\u1eb7c c\u00f3 \u0111\u01b0\u1eddng.<br \/>\n-Th\u00edch h\u1ee3p cho ng\u01b0\u1eddi ghi\u1ec1n c\u00e0 ph\u00ea c\u00f3 h\u00e0m l\u01b0\u1ee3ng cafein cao 2-3%.<\/p>\n","protected":false},"excerpt":{"rendered":"<p>Robusta 100%<\/p>\n","protected":false},"featured_media":2384,"comment_status":"open","ping_status":"closed","template":"","meta":[],"product_cat":[57],"product_tag":[],"_links":{"self":[{"href":"https:\/\/consoc.com.vn\/index.php?rest_route=\/wp\/v2\/product\/455"}],"collection":[{"href":"https:\/\/consoc.com.vn\/index.php?rest_route=\/wp\/v2\/product"}],"about":[{"href":"https:\/\/consoc.com.vn\/index.php?rest_route=\/wp\/v2\/types\/product"}],"replies":[{"embeddable":true,"href":"https:\/\/consoc.com.vn\/index.php?rest_route=%2Fwp%2Fv2%2Fcomments&post=455"}],"wp:featuredmedia":[{"embeddable":true,"href":"https:\/\/consoc.com.vn\/index.php?rest_route=\/wp\/v2\/media\/2384"}],"wp:attachment":[{"href":"https:\/\/consoc.com.vn\/index.php?rest_route=%2Fwp%2Fv2%2Fmedia&parent=455"}],"wp:term":[{"taxonomy":"product_cat","embeddable":true,"href":"https:\/\/consoc.com.vn\/index.php?rest_route=%2Fwp%2Fv2%2Fproduct_cat&post=455"},{"taxonomy":"product_tag","embeddable":true,"href":"https:\/\/consoc.com.vn\/index.php?rest_route=%2Fwp%2Fv2%2Fproduct_tag&post=455"}],"curies":[{"name":"wp","href":"https:\/\/api.w.org\/{rel}","templated":true}]}}