{"id":3649,"date":"2017-04-04T03:00:39","date_gmt":"2017-04-03T20:00:39","guid":{"rendered":"https:\/\/consoc.com.vn\/?post_type=product&#038;p=3649"},"modified":"2026-04-15T15:55:59","modified_gmt":"2026-04-15T08:55:59","slug":"ca-phe-signature-blend","status":"publish","type":"product","link":"https:\/\/consoc.com.vn\/?product=ca-phe-signature-blend&lang=vi","title":{"rendered":"C\u00e0 ph\u00ea Signature Blend"},"content":{"rendered":"<p>-\u0110\u1ed9 rang: trung b\u00ecnh.<br \/>\n-Lo\u1ea1i h\u1ea1t: Robusta Vietnam &#8211; Arabica Ethiopia<br \/>\n-C\u1ee1 xay: ph\u00f9 h\u1ee3p pha phin<br \/>\n-H\u01b0\u01a1ng v\u1ecb: hoa qu\u1ea3 kh\u00f4, s\u00f4-c\u00f4-la \u0111en, v\u1ecb b\u00e9o, c\u00e2n b\u1eb1ng.<br \/>\n-D\u00f9ng kh\u00f4ng \u0111\u01b0\u1eddng ho\u1eb7c c\u00f3 \u0111\u01b0\u1eddng.<br \/>\n-Th\u00edch h\u1ee3p cho ng\u01b0\u1eddi s\u00e0nh c\u00e0 ph\u00ea.<\/p>\n","protected":false},"excerpt":{"rendered":"<p>Robusta Vi\u1ec7t Nam &#8211; Arabica Ethiopia<\/p>\n","protected":false},"featured_media":3650,"comment_status":"open","ping_status":"closed","template":"","meta":[],"product_cat":[73],"product_tag":[],"_links":{"self":[{"href":"https:\/\/consoc.com.vn\/index.php?rest_route=\/wp\/v2\/product\/3649"}],"collection":[{"href":"https:\/\/consoc.com.vn\/index.php?rest_route=\/wp\/v2\/product"}],"about":[{"href":"https:\/\/consoc.com.vn\/index.php?rest_route=\/wp\/v2\/types\/product"}],"replies":[{"embeddable":true,"href":"https:\/\/consoc.com.vn\/index.php?rest_route=%2Fwp%2Fv2%2Fcomments&post=3649"}],"wp:featuredmedia":[{"embeddable":true,"href":"https:\/\/consoc.com.vn\/index.php?rest_route=\/wp\/v2\/media\/3650"}],"wp:attachment":[{"href":"https:\/\/consoc.com.vn\/index.php?rest_route=%2Fwp%2Fv2%2Fmedia&parent=3649"}],"wp:term":[{"taxonomy":"product_cat","embeddable":true,"href":"https:\/\/consoc.com.vn\/index.php?rest_route=%2Fwp%2Fv2%2Fproduct_cat&post=3649"},{"taxonomy":"product_tag","embeddable":true,"href":"https:\/\/consoc.com.vn\/index.php?rest_route=%2Fwp%2Fv2%2Fproduct_tag&post=3649"}],"curies":[{"name":"wp","href":"https:\/\/api.w.org\/{rel}","templated":true}]}}