{"id":3612,"date":"2017-03-27T14:20:32","date_gmt":"2017-03-27T07:20:32","guid":{"rendered":"https:\/\/consoc.com.vn\/?post_type=product&#038;p=3612"},"modified":"2025-08-19T14:03:12","modified_gmt":"2025-08-19T07:03:12","slug":"hop-hat-robusta-honey-200g","status":"publish","type":"product","link":"https:\/\/consoc.com.vn\/?product=hop-hat-robusta-honey-200g&lang=vi","title":{"rendered":"H\u1ed9p H\u1ea1t Robusta Honey"},"content":{"rendered":"<p>-\u0110\u1ed9 rang: trung b\u00ecnh.<br \/>\n-Lo\u1ea1i h\u1ea1t: Robusta Vietnam<br \/>\n-H\u01b0\u01a1ng v\u1ecb: chocolate, caramel, tr\u00e1i c\u00e2y nhi\u1ec7t \u0111\u1edbi.<br \/>\n-D\u00f9ng kh\u00f4ng \u0111\u01b0\u1eddng ho\u1eb7c c\u00f3 \u0111\u01b0\u1eddng.<br \/>\n-Th\u00edch h\u1ee3p cho ng\u01b0\u1eddi ghi\u1ec1n v\u00e0 s\u00e0nh c\u00e0 ph\u00ea.<br \/>\n-Ph\u00f9 h\u1ee3p d\u00f9ng l\u00e0m qu\u00e0 t\u1eb7ng.<\/p>\n","protected":false},"excerpt":{"rendered":"<p>Robusta Honey 100%<\/p>\n","protected":false},"featured_media":3583,"comment_status":"closed","ping_status":"closed","template":"","meta":[],"product_cat":[57],"product_tag":[],"_links":{"self":[{"href":"https:\/\/consoc.com.vn\/index.php?rest_route=\/wp\/v2\/product\/3612"}],"collection":[{"href":"https:\/\/consoc.com.vn\/index.php?rest_route=\/wp\/v2\/product"}],"about":[{"href":"https:\/\/consoc.com.vn\/index.php?rest_route=\/wp\/v2\/types\/product"}],"replies":[{"embeddable":true,"href":"https:\/\/consoc.com.vn\/index.php?rest_route=%2Fwp%2Fv2%2Fcomments&post=3612"}],"wp:featuredmedia":[{"embeddable":true,"href":"https:\/\/consoc.com.vn\/index.php?rest_route=\/wp\/v2\/media\/3583"}],"wp:attachment":[{"href":"https:\/\/consoc.com.vn\/index.php?rest_route=%2Fwp%2Fv2%2Fmedia&parent=3612"}],"wp:term":[{"taxonomy":"product_cat","embeddable":true,"href":"https:\/\/consoc.com.vn\/index.php?rest_route=%2Fwp%2Fv2%2Fproduct_cat&post=3612"},{"taxonomy":"product_tag","embeddable":true,"href":"https:\/\/consoc.com.vn\/index.php?rest_route=%2Fwp%2Fv2%2Fproduct_tag&post=3612"}],"curies":[{"name":"wp","href":"https:\/\/api.w.org\/{rel}","templated":true}]}}