{"id":3610,"date":"2017-03-29T14:09:21","date_gmt":"2017-03-29T07:09:21","guid":{"rendered":"https:\/\/consoc.com.vn\/?post_type=product&#038;p=3610"},"modified":"2025-08-19T14:02:20","modified_gmt":"2025-08-19T07:02:20","slug":"hat-robusta-honey-200g","status":"publish","type":"product","link":"https:\/\/consoc.com.vn\/?product=hat-robusta-honey-200g&lang=vi","title":{"rendered":"H\u1ea1t Robusta Honey"},"content":{"rendered":"<p>-\u0110\u1ed9 rang: trung b\u00ecnh.<br \/>\n-Lo\u1ea1i h\u1ea1t: Robusta Vietnam<br \/>\n-H\u01b0\u01a1ng v\u1ecb: chocolate, caramel, tr\u00e1i c\u00e2y nhi\u1ec7t \u0111\u1edbi.<br \/>\n-D\u00f9ng kh\u00f4ng \u0111\u01b0\u1eddng ho\u1eb7c c\u00f3 \u0111\u01b0\u1eddng.<br \/>\n-Th\u00edch h\u1ee3p cho ng\u01b0\u1eddi ghi\u1ec1n v\u00e0 s\u00e0nh c\u00e0 ph\u00ea.<\/p>\n","protected":false},"excerpt":{"rendered":"<p>Robusta Honey 100%<\/p>\n","protected":false},"featured_media":3585,"comment_status":"closed","ping_status":"closed","template":"","meta":[],"product_cat":[57],"product_tag":[],"_links":{"self":[{"href":"https:\/\/consoc.com.vn\/index.php?rest_route=\/wp\/v2\/product\/3610"}],"collection":[{"href":"https:\/\/consoc.com.vn\/index.php?rest_route=\/wp\/v2\/product"}],"about":[{"href":"https:\/\/consoc.com.vn\/index.php?rest_route=\/wp\/v2\/types\/product"}],"replies":[{"embeddable":true,"href":"https:\/\/consoc.com.vn\/index.php?rest_route=%2Fwp%2Fv2%2Fcomments&post=3610"}],"wp:featuredmedia":[{"embeddable":true,"href":"https:\/\/consoc.com.vn\/index.php?rest_route=\/wp\/v2\/media\/3585"}],"wp:attachment":[{"href":"https:\/\/consoc.com.vn\/index.php?rest_route=%2Fwp%2Fv2%2Fmedia&parent=3610"}],"wp:term":[{"taxonomy":"product_cat","embeddable":true,"href":"https:\/\/consoc.com.vn\/index.php?rest_route=%2Fwp%2Fv2%2Fproduct_cat&post=3610"},{"taxonomy":"product_tag","embeddable":true,"href":"https:\/\/consoc.com.vn\/index.php?rest_route=%2Fwp%2Fv2%2Fproduct_tag&post=3610"}],"curies":[{"name":"wp","href":"https:\/\/api.w.org\/{rel}","templated":true}]}}