{"id":3604,"date":"2017-03-30T12:09:36","date_gmt":"2017-03-30T05:09:36","guid":{"rendered":"https:\/\/consoc.com.vn\/?post_type=product&#038;p=3604"},"modified":"2025-08-19T14:04:18","modified_gmt":"2025-08-19T07:04:18","slug":"hat-arabica-heirloom","status":"publish","type":"product","link":"https:\/\/consoc.com.vn\/?product=hat-arabica-heirloom&lang=vi","title":{"rendered":"H\u1ea1t Arabica Heirloom"},"content":{"rendered":"<p>-\u0110\u1ed9 rang: v\u1eeba, nh\u1eb9.<br \/>\n-Lo\u1ea1i h\u1ea1t: Ethiopia<br \/>\n-H\u01b0\u01a1ng v\u1ecb: h\u01b0\u01a1ng hoa, tr\u00e1i c\u00e2y, h\u1eadu ng\u1ecdt.<br \/>\n-S\u1ea3n ph\u1ea9m c\u00e0 ph\u00ea cao c\u1ea5p d\u00e0nh cho ng\u01b0\u1eddi s\u00e0nh c\u00e0 ph\u00ea.<\/p>\n","protected":false},"excerpt":{"rendered":"<p>Arabica Heirloom 100%<\/p>\n","protected":false},"featured_media":3587,"comment_status":"closed","ping_status":"closed","template":"","meta":[],"product_cat":[57],"product_tag":[],"_links":{"self":[{"href":"https:\/\/consoc.com.vn\/index.php?rest_route=\/wp\/v2\/product\/3604"}],"collection":[{"href":"https:\/\/consoc.com.vn\/index.php?rest_route=\/wp\/v2\/product"}],"about":[{"href":"https:\/\/consoc.com.vn\/index.php?rest_route=\/wp\/v2\/types\/product"}],"replies":[{"embeddable":true,"href":"https:\/\/consoc.com.vn\/index.php?rest_route=%2Fwp%2Fv2%2Fcomments&post=3604"}],"wp:featuredmedia":[{"embeddable":true,"href":"https:\/\/consoc.com.vn\/index.php?rest_route=\/wp\/v2\/media\/3587"}],"wp:attachment":[{"href":"https:\/\/consoc.com.vn\/index.php?rest_route=%2Fwp%2Fv2%2Fmedia&parent=3604"}],"wp:term":[{"taxonomy":"product_cat","embeddable":true,"href":"https:\/\/consoc.com.vn\/index.php?rest_route=%2Fwp%2Fv2%2Fproduct_cat&post=3604"},{"taxonomy":"product_tag","embeddable":true,"href":"https:\/\/consoc.com.vn\/index.php?rest_route=%2Fwp%2Fv2%2Fproduct_tag&post=3604"}],"curies":[{"name":"wp","href":"https:\/\/api.w.org\/{rel}","templated":true}]}}