{"id":2434,"date":"2018-12-07T10:31:37","date_gmt":"2018-12-07T03:31:37","guid":{"rendered":"http:\/\/consoc.com.vn\/?post_type=product&#038;p=2434"},"modified":"2025-03-27T10:14:53","modified_gmt":"2025-03-27T03:14:53","slug":"ca-phe-phin-loc-den-7g","status":"publish","type":"product","link":"https:\/\/consoc.com.vn\/?product=ca-phe-phin-loc-den-7g&lang=vi","title":{"rendered":"C\u00e0 ph\u00ea Phin l\u1ecdc \u0110en 7g"},"content":{"rendered":"<p>-\u0110\u1ed9 rang \u0111\u1eadm, s\u1eadm m\u00e0u.<br \/>\n-V\u1ecb \u0111\u1eafng v\u00e0 \u0111\u1eadm.<br \/>\n-D\u00f9ng thay c\u00e0 ph\u00ea Espresso pha m\u00e1y.<br \/>\n-Th\u00edch h\u1ee3p cho ng\u01b0\u1eddi ghi\u1ec1n c\u00e0 ph\u00ea, tu\u1ed5i trung ni\u00ean.<br \/>\n-G\u1ed3m: 10 phin gi\u1ea5y x 7gr.<\/p>\n","protected":false},"excerpt":{"rendered":"<p>Arabica 70% + Robusta 30%<\/p>\n","protected":false},"featured_media":2435,"comment_status":"open","ping_status":"closed","template":"","meta":[],"product_cat":[59],"product_tag":[],"_links":{"self":[{"href":"https:\/\/consoc.com.vn\/index.php?rest_route=\/wp\/v2\/product\/2434"}],"collection":[{"href":"https:\/\/consoc.com.vn\/index.php?rest_route=\/wp\/v2\/product"}],"about":[{"href":"https:\/\/consoc.com.vn\/index.php?rest_route=\/wp\/v2\/types\/product"}],"replies":[{"embeddable":true,"href":"https:\/\/consoc.com.vn\/index.php?rest_route=%2Fwp%2Fv2%2Fcomments&post=2434"}],"wp:featuredmedia":[{"embeddable":true,"href":"https:\/\/consoc.com.vn\/index.php?rest_route=\/wp\/v2\/media\/2435"}],"wp:attachment":[{"href":"https:\/\/consoc.com.vn\/index.php?rest_route=%2Fwp%2Fv2%2Fmedia&parent=2434"}],"wp:term":[{"taxonomy":"product_cat","embeddable":true,"href":"https:\/\/consoc.com.vn\/index.php?rest_route=%2Fwp%2Fv2%2Fproduct_cat&post=2434"},{"taxonomy":"product_tag","embeddable":true,"href":"https:\/\/consoc.com.vn\/index.php?rest_route=%2Fwp%2Fv2%2Fproduct_tag&post=2434"}],"curies":[{"name":"wp","href":"https:\/\/api.w.org\/{rel}","templated":true}]}}