{"id":1852,"date":"2017-04-05T16:00:27","date_gmt":"2017-04-05T09:00:27","guid":{"rendered":"http:\/\/consoc.jazpa.com\/?post_type=product&#038;p=1852"},"modified":"2025-03-27T15:53:49","modified_gmt":"2025-03-27T08:53:49","slug":"ca-phe-con-soc-xanh","status":"publish","type":"product","link":"https:\/\/consoc.com.vn\/?product=ca-phe-con-soc-xanh&lang=vi","title":{"rendered":"C\u00e0 ph\u00ea Con S\u00f3c Xanh"},"content":{"rendered":"<p>&#8211; \u0110\u1ed9 rang trung b\u00ecnh.<br \/>\n&#8211; V\u1ecb \u0111\u1eafng v\u1eeba ph\u1ea3i.<br \/>\n&#8211; H\u01b0\u01a1ng th\u01a1m m\u00f9i h\u1ea1t d\u1ebb.<br \/>\n&#8211; U\u1ed1ng v\u1edbi s\u1eefa \u0111\u1eb7c c\u00f3 \u0111\u01b0\u1eddng.<br \/>\n&#8211; Th\u00edch h\u1ee3p cho ng\u01b0\u1eddi l\u1edbn tu\u1ed5i v\u00e0 ph\u1ee5 n\u1eef.<\/p>\n","protected":false},"excerpt":{"rendered":"<p>&#8211; \u0110\u1ed9 rang trung b\u00ecnh. &#8211; V\u1ecb \u0111\u1eafng v\u1eeba ph\u1ea3i. &#8211; H\u01b0\u01a1ng th\u01a1m m\u00f9i h\u1ea1t d\u1ebb. &#8211; U\u1ed1ng v\u1edbi s\u1eefa \u0111\u1eb7c c\u00f3 \u0111\u01b0\u1eddng. &#8211; Th\u00edch h\u1ee3p cho ng\u01b0\u1eddi l\u1edbn tu\u1ed5i v\u00e0 ph\u1ee5 n\u1eef.<\/p>\n","protected":false},"featured_media":2390,"comment_status":"open","ping_status":"closed","template":"","meta":[],"product_cat":[73],"product_tag":[],"_links":{"self":[{"href":"https:\/\/consoc.com.vn\/index.php?rest_route=\/wp\/v2\/product\/1852"}],"collection":[{"href":"https:\/\/consoc.com.vn\/index.php?rest_route=\/wp\/v2\/product"}],"about":[{"href":"https:\/\/consoc.com.vn\/index.php?rest_route=\/wp\/v2\/types\/product"}],"replies":[{"embeddable":true,"href":"https:\/\/consoc.com.vn\/index.php?rest_route=%2Fwp%2Fv2%2Fcomments&post=1852"}],"wp:featuredmedia":[{"embeddable":true,"href":"https:\/\/consoc.com.vn\/index.php?rest_route=\/wp\/v2\/media\/2390"}],"wp:attachment":[{"href":"https:\/\/consoc.com.vn\/index.php?rest_route=%2Fwp%2Fv2%2Fmedia&parent=1852"}],"wp:term":[{"taxonomy":"product_cat","embeddable":true,"href":"https:\/\/consoc.com.vn\/index.php?rest_route=%2Fwp%2Fv2%2Fproduct_cat&post=1852"},{"taxonomy":"product_tag","embeddable":true,"href":"https:\/\/consoc.com.vn\/index.php?rest_route=%2Fwp%2Fv2%2Fproduct_tag&post=1852"}],"curies":[{"name":"wp","href":"https:\/\/api.w.org\/{rel}","templated":true}]}}