{"id":1112,"date":"2017-04-05T03:27:50","date_gmt":"2017-04-04T20:27:50","guid":{"rendered":"http:\/\/consoc.com.vn\/?post_type=product&#038;p=1112"},"modified":"2025-03-27T10:27:16","modified_gmt":"2025-03-27T03:27:16","slug":"hop-ca-phe-con-soc-nau-500g","status":"publish","type":"product","link":"https:\/\/consoc.com.vn\/?product=hop-ca-phe-con-soc-nau-500g&lang=vi","title":{"rendered":"H\u1ed9p Con S\u00f3c N\u00e2u 500g"},"content":{"rendered":"<p>-\u0110\u1ed9 rang trung b\u00ecnh.<br \/>\n-V\u1ecb \u0111\u1eafng thanh.<br \/>\n-H\u01b0\u01a1ng th\u01a1m \u0111\u1eadm, m\u00f9i h\u1ea1t d\u1ebb.<br \/>\n-U\u1ed1ng kh\u00f4ng \u0111\u01b0\u1eddng ho\u1eb7c v\u1edbi s\u1eefa \u0111\u1eb7c c\u00f3 \u0111\u01b0\u1eddng.<br \/>\n-Th\u00edch h\u1ee3p v\u1edbi gu ng\u01b0\u1eddi H\u00e0n Qu\u1ed1c.<br \/>\n-H\u1ed9p gi\u1ea5y \u0111\u01b0\u1ee3c thi\u1ebft k\u1ebf sang tr\u1ecdng d\u00f9ng l\u00e0m qu\u00e0 t\u1eb7ng.<\/p>\n","protected":false},"excerpt":{"rendered":"<p>Arabica 100% + H\u01b0\u01a1ng Hazelnut<\/p>\n","protected":false},"featured_media":2004,"comment_status":"open","ping_status":"closed","template":"","meta":[],"product_cat":[73],"product_tag":[],"_links":{"self":[{"href":"https:\/\/consoc.com.vn\/index.php?rest_route=\/wp\/v2\/product\/1112"}],"collection":[{"href":"https:\/\/consoc.com.vn\/index.php?rest_route=\/wp\/v2\/product"}],"about":[{"href":"https:\/\/consoc.com.vn\/index.php?rest_route=\/wp\/v2\/types\/product"}],"replies":[{"embeddable":true,"href":"https:\/\/consoc.com.vn\/index.php?rest_route=%2Fwp%2Fv2%2Fcomments&post=1112"}],"wp:featuredmedia":[{"embeddable":true,"href":"https:\/\/consoc.com.vn\/index.php?rest_route=\/wp\/v2\/media\/2004"}],"wp:attachment":[{"href":"https:\/\/consoc.com.vn\/index.php?rest_route=%2Fwp%2Fv2%2Fmedia&parent=1112"}],"wp:term":[{"taxonomy":"product_cat","embeddable":true,"href":"https:\/\/consoc.com.vn\/index.php?rest_route=%2Fwp%2Fv2%2Fproduct_cat&post=1112"},{"taxonomy":"product_tag","embeddable":true,"href":"https:\/\/consoc.com.vn\/index.php?rest_route=%2Fwp%2Fv2%2Fproduct_tag&post=1112"}],"curies":[{"name":"wp","href":"https:\/\/api.w.org\/{rel}","templated":true}]}}