{"id":71,"date":"2017-02-28T08:49:38","date_gmt":"2017-02-28T08:49:38","guid":{"rendered":"http:\/\/consoc.com.vn\/?page_id=71"},"modified":"2019-02-21T03:05:31","modified_gmt":"2019-02-20T20:05:31","slug":"about-us","status":"publish","type":"page","link":"https:\/\/consoc.com.vn\/?page_id=71&lang=vi","title":{"rendered":"Gi\u1edbi thi\u1ec7u"},"content":{"rendered":"<div class=\"clearfix\">\n<header class=\"name-product hd-bg hd-bgAboutus vietnam\"><\/header>\n<\/p><\/div>\n<div class=\"aboutUs contain\">\n<div class=\"row\">\n<div class=\"col-lg-12 col-md-12 col-sm-12 col-xs-12\">\n<section class=\"infor-about\">\n<div class=\"media\">\n<div class=\"media-body\">\n<h3 class=\"media-heading\">C\u00e2u chuy\u1ec7n l\u1ecbch s\u1eed<\/h3>\n<div class=\"paragraphs\">\n<p>\n\t\t\t\t\t\t\t\t\t\t\t\t\tT\u1eeb n\u0103m 1956, gia \u0111\u00ecnh d\u00f2ng h\u1ecd L\u00ea \u0111\u00e3 \u0111\u1ebfn \u0110\u00e0 L\u1ea1t \u0111\u1ec3 tr\u1ed3ng v\u00e0 thu ho\u1ea1ch nh\u1eefng h\u1ea1t c\u00e0 ph\u00ea ch\u1ea5t l\u01b0\u1ee3ng v\u00e0 th\u01a1m ngon nh\u1ea5t. V\u00f9ng \u0111\u1ea5t n\u00e0y l\u00fac \u0111\u00f3 v\u1eabn c\u00f2n hoang s\u01a1 v\u1edbi nh\u1eefng c\u00e1nh r\u1eebng nguy\u00ean sinh, r\u1eebng th\u00f4ng v\u00e0 tr\u00e0n ng\u1eadp c\u00e1c lo\u00e0i hoa t\u1ef1 nhi\u00ean c\u1ee7a v\u00f9ng \u00f4n \u0111\u1edbi. N\u01a1i c\u00f3 th\u1ec3 t\u00ecm th\u1ea5y nhi\u1ec1u bi\u1ec7t th\u1ef1 phong c\u00e1ch ch\u00e2u \u00c2u x\u00e2y t\u1eeb th\u1eddi Ph\u00e1p, nh\u1eefng r\u1eaby tr\u1ed3ng tr\u00e0 v\u00e0 c\u00e0 ph\u00ea. N\u01a1i t\u1eeb c\u00e1ch nay h\u00e0ng tr\u0103m n\u0103m, ng\u01b0\u1eddi Ph\u00e1p \u0111\u00e3 \u0111em gi\u1ed1ng c\u00e0 ph\u00ea Arabica \u0111\u1ebfn v\u00e0 tr\u1ed3ng kh\u1eafp v\u00f9ng cao nguy\u00ean n\u00e0y \u1edf \u0111\u1ed9 cao 1500m so v\u1edbi m\u1ef1c n\u01b0\u1edbc bi\u1ec3n.\n\t\t\t\t\t\t\t\t\t\t\t\t<\/p>\n<p>\n\t\t\t\t\t\t\t\t\t\t\t\t\t\u0110\u01b0\u1ee3c thi\u00ean nhi\u00ean ban t\u1eb7ng nh\u1eefng h\u1ea1t c\u00e0 ph\u00ea ch\u1ea5t l\u01b0\u1ee3ng t\u1eeb v\u00f9ng \u0111\u1ea5t c\u00f3 kh\u00ed h\u1eadu v\u00e0 th\u1ed5 nh\u01b0\u1ee1ng r\u1ea5t l\u00fd t\u01b0\u1edfng n\u00e0y, c\u00e0 ph\u00ea Con S\u00f3c \u0111\u00e3 rang xay ch\u1ebf bi\u1ebfn ra nh\u1eefng s\u1ea3n ph\u1ea9m c\u00e0 ph\u00ea c\u00f3 h\u01b0\u01a1ng v\u1ecb th\u01a1m ngon, gi\u00e1 tr\u1ecb v\u00e0 \u0111\u1ed9c \u0111\u00e1o.\n\t\t\t\t\t\t\t\t\t\t\t\t<\/p>\n<\/p><\/div>\n<\/p><\/div>\n<\/p><\/div>\n<\/section><\/div>\n<div class=\"col-lg-12 col-md-12 col-sm-12 col-xs-12\">\n<section class=\"infor-about\">\n\t\t\t\t\t\t\t\t\t<!--<img decoding=\"async\" src=\"images\/demo\/img-line.jpg\" class=\"img-responsive\" alt=\"\"\/>--><\/p>\n<div class=\"lineBg\"><\/div>\n<\/section><\/div>\n<div class=\"col-lg-12 col-md-12 col-sm-12 col-xs-12\">\n<section class=\"infor-about\">\n<div class=\"media\">\n<div class=\"media-body\">\n<h3 class=\"media-heading\">Ngu\u1ed3n g\u1ed1c c\u00e0 ph\u00ea<\/h3>\n<div class=\"paragraphs\">\n<p>\n\t\t\t\t\t\t\t\t\t\t\t\t\tS\u1ea3n ph\u1ea9m c\u1ee7a c\u00e0 ph\u00ea Con S\u00f3c \u0111\u01b0\u1ee3c ch\u1ebf bi\u1ebfn t\u1eeb nh\u1eefng h\u1ea1t c\u00e0 ph\u00ea tuy\u1ec3n l\u1ef1a t\u1eeb cao nguy\u00ean \u0110\u00e0 L\u1ea1t, L\u00e2m \u0110\u1ed3ng tr\u1ed3ng \u1edf \u0111\u1ed9 cao 1500m so v\u1edbi m\u1ef1c n\u01b0\u1edbc bi\u1ec3n, trong \u0111i\u1ec1u ki\u1ec7n kh\u00ed h\u1eadu l\u00fd t\u01b0\u1edfng, \u00f4n h\u00f2a, \u0111\u1ea5t \u0111\u1ecf bazan ph\u00f9 h\u1ee3p cho vi\u1ec7c canh t\u00e1c tr\u1ed3ng c\u00e0 ph\u00ea Arabica v\u00e0 Robusta.\n\t\t\t\t\t\t\t\t\t\t\t\t<\/p>\n<p>\n\t\t\t\t\t\t\t\t\t\t\t\t\tV\u1edbi kinh nghi\u1ec7m ch\u1ebf bi\u1ebfn l\u00e2u n\u0103m \u0111\u01b0\u1ee3c th\u1eeba h\u01b0\u1edfng c\u00f9ng v\u1edbi m\u00e1y m\u00f3c v\u00e0 k\u1ef9 thu\u1eadt rang xay hi\u1ec7n \u0111\u1ea1i, c\u00e0 ph\u00ea Con S\u00f3c gi\u1eef \u0111\u01b0\u1ee3c h\u01b0\u01a1ng th\u01a1m v\u00e0 v\u1ecb t\u1ef1 nhi\u00ean, nguy\u00ean ch\u1ea5t v\u00e0 \u0111\u1ed9c \u0111\u00e1o nh\u1ea5t c\u1ee7a h\u1ea1t c\u00e0 ph\u00ea.\n\t\t\t\t\t\t\t\t\t\t\t\t<\/p>\n<p>\n\t\t\t\t\t\t\t\t\t\t\t\t\tV\u1edbi ch\u00e2m ng\u00f4n: \u201cTr\u1edf v\u1ec1 v\u1edbi cu\u1ed9c s\u1ed1ng thi\u00ean nhi\u00ean\u201d, s\u1ea3n ph\u1ea9m c\u00e0 ph\u00ea eco c\u1ee7a Con S\u00f3c r\u1ea5t g\u1ea7n g\u0169i v\u00e0 th\u00e2n thi\u1ec7n v\u1edbi m\u00f4i tr\u01b0\u1eddng.\n\t\t\t\t\t\t\t\t\t\t\t\t<\/p>\n<\/p><\/div>\n<\/p><\/div>\n<\/p><\/div>\n<\/section><\/div>\n<\/p><\/div>\n<\/p><\/div>\n","protected":false},"excerpt":{"rendered":"<p>C\u00e2u chuy\u1ec7n l\u1ecbch s\u1eed T\u1eeb n\u0103m 1956, gia \u0111\u00ecnh d\u00f2ng h\u1ecd L\u00ea \u0111\u00e3 \u0111\u1ebfn \u0110\u00e0 L\u1ea1t \u0111\u1ec3 tr\u1ed3ng v\u00e0 thu ho\u1ea1ch nh\u1eefng h\u1ea1t c\u00e0 ph\u00ea ch\u1ea5t l\u01b0\u1ee3ng v\u00e0 th\u01a1m ngon nh\u1ea5t. V\u00f9ng \u0111\u1ea5t n\u00e0y l\u00fac \u0111\u00f3 v\u1eabn c\u00f2n hoang s\u01a1 v\u1edbi nh\u1eefng c\u00e1nh r\u1eebng nguy\u00ean sinh, r\u1eebng th\u00f4ng v\u00e0 tr\u00e0n ng\u1eadp c\u00e1c lo\u00e0i hoa t\u1ef1 &hellip; <\/p>\n<p class=\"link-more\"><a href=\"https:\/\/consoc.com.vn\/?page_id=71&#038;lang=vi\" class=\"more-link\">Continue reading<span class=\"screen-reader-text\"> &#8220;Gi\u1edbi thi\u1ec7u&#8221;<\/span><\/a><\/p>\n","protected":false},"author":1,"featured_media":0,"parent":0,"menu_order":0,"comment_status":"closed","ping_status":"closed","template":"","meta":{"footnotes":""},"_links":{"self":[{"href":"https:\/\/consoc.com.vn\/index.php?rest_route=\/wp\/v2\/pages\/71"}],"collection":[{"href":"https:\/\/consoc.com.vn\/index.php?rest_route=\/wp\/v2\/pages"}],"about":[{"href":"https:\/\/consoc.com.vn\/index.php?rest_route=\/wp\/v2\/types\/page"}],"author":[{"embeddable":true,"href":"https:\/\/consoc.com.vn\/index.php?rest_route=\/wp\/v2\/users\/1"}],"replies":[{"embeddable":true,"href":"https:\/\/consoc.com.vn\/index.php?rest_route=%2Fwp%2Fv2%2Fcomments&post=71"}],"version-history":[{"count":12,"href":"https:\/\/consoc.com.vn\/index.php?rest_route=\/wp\/v2\/pages\/71\/revisions"}],"predecessor-version":[{"id":3187,"href":"https:\/\/consoc.com.vn\/index.php?rest_route=\/wp\/v2\/pages\/71\/revisions\/3187"}],"wp:attachment":[{"href":"https:\/\/consoc.com.vn\/index.php?rest_route=%2Fwp%2Fv2%2Fmedia&parent=71"}],"curies":[{"name":"wp","href":"https:\/\/api.w.org\/{rel}","templated":true}]}}