{"id":3656,"date":"2025-04-21T10:24:55","date_gmt":"2025-04-21T03:24:55","guid":{"rendered":"https:\/\/consoc.com.vn\/?page_id=3656"},"modified":"2025-11-13T16:25:32","modified_gmt":"2025-11-13T09:25:32","slug":"san-pham","status":"publish","type":"page","link":"https:\/\/consoc.com.vn\/?page_id=3656&lang=vi","title":{"rendered":"S\u1ef1 ki\u1ec7n"},"content":{"rendered":"<div class=\"clearfix\"><\/div>\n<div class=\"our-products contain\">\n<section class=\"infor-contact\">\n<h3 id=\"phin-giay\" class=\"sm-title sm-title-Frist hd-PaperFilter\" style=\"background-image: url('https:\/\/consoc.com.vn\/wp-content\/uploads\/2025\/04\/Event.jpg');\"><\/h3>\n<div class=\"row\">\n<div class=\"col-lg-10 col-md-10 col-sm-12 col-xs-12 col-lg-offset-1 col-md-offset-1\">\n<div class=\"paragraphs\">\n<div class=\"media\">\n<div class=\"media-body\">\n<h4 class=\"media-heading\"><strong>D\u00d9NG TH\u1eec C\u00c0 PH\u00ca<\/strong><\/h4>\n<p>D\u00f9ng th\u1eed c\u00e1c d\u00f2ng s\u1ea3n ph\u1ea9m c\u1ee7a c\u00e0 ph\u00ea Con S\u00f3c (Arabica, Robusta, Blend) \u0111\u1ec3 t\u00ecm ra gu c\u00e0 ph\u00ea y\u00eau th\u00edch c\u1ee7a b\u1ea1n.<\/p>\n<p><b>Th\u1eddi gian:<\/b> t\u1eeb th\u1ee9 2 \u0111\u1ebfn th\u1ee9 6 h\u1eb1ng tu\u1ea7n<\/p>\n<p><b>Chi ph\u00ed:<\/b> 100.000 \u0111\/kh\u00e1ch<\/p>\n<p>Vui l\u00f2ng \u0111\u1eb7t h\u1eb9n t\u1ea1i \u0111\u01b0\u1eddng link sau:<\/p>\n<p><!-- Calendly link widget begin -->\n<link href=\"https:\/\/assets.calendly.com\/assets\/external\/widget.css\" rel=\"stylesheet\">\n<script src=\"https:\/\/assets.calendly.com\/assets\/external\/widget.js\" type=\"text\/javascript\" async><\/script><br \/>\n<a href=\"\" onclick=\"Calendly.initPopupWidget({url: 'https:\/\/calendly.com\/consoccoffee-vn\/coffee-tasting'});return false;\">\u0110\u1eb7t h\u1eb9n<\/a><br \/>\n<!-- Calendly link widget end --><\/p>\n<\/div>\n<div class=\"media-right\"><a href=\"#\"><br \/>\n<img decoding=\"async\" class=\"media-object imgSize1 img-responsive\" src=\"https:\/\/consoc.com.vn\/wp-content\/uploads\/2025\/04\/Coffee-Tasting-Pad-scaled.jpg\" alt=\"\" \/><br \/>\n<\/a><\/div>\n<\/div>\n<div class=\"media\">\n<div class=\"media-body\">\n<h4 class=\"media-heading\"><strong>\u0110\u1eb6T CH\u1ed6 S\u1ef0 KI\u1ec6N<\/strong><\/h4>\n<p>B\u1ea1n c\u1ea7n \u0111\u1ecba \u0111i\u1ec3m \u0111\u1ec3 t\u1ed5 ch\u1ee9c s\u1ef1 ki\u1ec7n ho\u1eb7c h\u1ecdp nh\u00f3m ngo\u00e0i gi\u1edd?<br \/>\nH\u00e3y \u0111\u1ebfn showroom c\u00e0 ph\u00ea Con S\u00f3c!<\/p>\n<p><b>Ti\u1ec7n \u00edch:<\/b><\/p>\n<p>&#8211; Khu v\u1ef1c d\u00e0nh ri\u00eang<br \/>\n&#8211; Th\u1ee9c u\u1ed1ng v\u00e0 b\u00e1nh<br \/>\n&#8211; Mi\u1ec5n ph\u00ed gi\u1eef ch\u1ed7* (\u00e1p d\u1ee5ng cho nh\u00f3m tr\u00ean 15 ng\u01b0\u1eddi)<\/p>\n<p>Vui l\u00f2ng \u0111\u1eb7t ch\u1ed7 t\u1ea1i \u0111\u01b0\u1eddng link sau:<\/p>\n<p><!-- Calendly link widget begin -->\n<link href=\"https:\/\/assets.calendly.com\/assets\/external\/widget.css\" rel=\"stylesheet\">\n<script src=\"https:\/\/assets.calendly.com\/assets\/external\/widget.js\" type=\"text\/javascript\" async><\/script><br \/>\n<a href=\"\" onclick=\"Calendly.initPopupWidget({url: 'https:\/\/calendly.com\/consoccoffee-vn\/private-event'});return false;\">\u0110\u1eb7t ch\u1ed7<\/a><br \/>\n<!-- Calendly link widget end --><\/p>\n<\/div>\n<div class=\"media-right\"><a href=\"#\"><br \/>\n<img decoding=\"async\" class=\"media-object imgSize1 img-responsive\" src=\"https:\/\/consoc.com.vn\/wp-content\/uploads\/2025\/04\/Private-Event-Pad-scaled.jpg\" alt=\"\" \/><br \/>\n<\/a><\/div>\n<\/div>\n<\/div>\n<\/div>\n<\/div>\n<h3 id=\"ca-phe-bot\" class=\"sm-title hd-groundCoffee\" style=\"background-image: url('https:\/\/consoc.com.vn\/wp-content\/uploads\/2025\/04\/Khuyen-mai.jpg');\"><\/h3>\n<div class=\"row\">\n<div class=\"col-lg-10 col-md-10 col-sm-12 col-xs-12 col-lg-offset-1 col-md-offset-1\">\n<div class=\"paragraphs\">\n<div class=\"media\">\n<div class=\"media-body\">\n<h4 class=\"media-heading\"><strong>COMBO B\u00c1NH V\u00c0 C\u00c0 PH\u00ca<\/strong><\/h4>\n<p>Th\u01b0\u1edfng th\u1ee9c h\u01b0\u01a1ng v\u1ecb c\u00e0 ph\u00ea tr\u1ecdn v\u1eb9n h\u01a1n khi d\u00f9ng k\u00e8m v\u1edbi b\u00e1nh.<\/p>\n<p>Khuy\u1ebfn m\u00e3i gi\u1ea3m gi\u00e1 20% b\u00e1nh croissant v\u00e0 b\u00e1nh m\u00ec que khi mua k\u00e8m m\u00f3n n\u01b0\u1edbc b\u1ea5t k\u00ec.  <\/p>\n<\/div>\n<div class=\"media-right\"><a href=\"#\"><br \/>\n<img decoding=\"async\" class=\"media-object imgSize1\" src=\"https:\/\/consoc.com.vn\/wp-content\/uploads\/2025\/04\/Latte-Croissant-Pad-scaled.jpg\" alt=\"\" \/><br \/>\n<\/a><\/div>\n<\/div>\n<\/div>\n<\/div>\n<\/div>\n<h3 id=\"hop-giay\" class=\"sm-title hd-giftBox\" style=\"background-image: url('https:\/\/consoc.com.vn\/wp-content\/uploads\/2025\/04\/Tin-tuc.jpg');\"><\/h3>\n<div class=\"row\">\n<div class=\"col-lg-10 col-md-10 col-sm-12 col-xs-12 col-lg-offset-1 col-md-offset-1\">\n<div class=\"paragraphs\">\n<div class=\"media\">\n<div class=\"media-body\">\n<h4 class=\"media-heading\"><strong>MENU TR\u00c0<\/strong><\/h4>\n<p>03 m\u00f3n u\u1ed1ng m\u1edbi s\u1ebd c\u00f3 m\u1eb7t trong menu c\u1ee7a c\u00e0 ph\u00ea Con S\u00f3c:<\/p>\n<p>&#8211; Tr\u00e0 v\u1ea3i h\u1ea1t chia<br \/>\n&#8211; Tr\u00e0 s\u1eefa th\u1ea1ch c\u1ee7 n\u0103ng<br \/>\n&#8211; Tr\u00e0 sen macchiato.<\/p>\n<p>It&#8217;s TEA TIME!!<\/p>\n<\/div>\n<div class=\"media-right\"><a href=\"#\"><br \/>\n<img decoding=\"async\" class=\"media-object imgSize1\" src=\"https:\/\/consoc.com.vn\/wp-content\/uploads\/2025\/04\/Tea-Menu-Pad-scaled.jpg\" alt=\"\" \/><br \/>\n<\/a><\/div>\n<\/div>\n<div class=\"media\">\n<div class=\"media-body\">\n<h4 class=\"media-heading\"><strong>C\u00c0 PH\u00ca MANG \u0110I<\/strong><\/h4>\n<p>Nh\u00f3m c\u00e0 ph\u00ea Vi\u1ec7t Nam g\u1ed3m:<\/p>\n<p>&#8211; C\u00e0 ph\u00ea \u0111en<br \/>\n&#8211; C\u00e0 ph\u00ea s\u1eefa<br \/>\n&#8211; B\u1ea1c x\u1ec9u<br \/>\n&#8211; C\u00e0 ph\u00ea mu\u1ed1i<\/p>\n<p>B\u00e1n mang \u0111i c\u00e1c ng\u00e0y trong tu\u1ea7n, th\u1ee9 2 \u0111\u1ebfn th\u1ee9 7, t\u1eeb 6 gi\u1edd s\u00e1ng \u0111\u1ebfn 17 gi\u1edd chi\u1ec1u t\u1ea1i qu\u1ea7y b\u00e1n mang \u0111i tr\u01b0\u1edbc showroom c\u1ee7a c\u00e0 ph\u00ea Con S\u00f3c.<\/p>\n<p><b>\u0110\u1ecba ch\u1ec9:<\/b> 25\/88 Nguy\u1ec5n B\u1ec9nh Khi\u00eam, ph\u01b0\u1eddng S\u00e0i G\u00f2n, Tp.HCM <\/p>\n<\/div>\n<div class=\"media-right\"><a href=\"#\"><br \/>\n<img decoding=\"async\" class=\"media-object imgSize1\" src=\"https:\/\/consoc.com.vn\/wp-content\/uploads\/2025\/04\/Take-Away-Pad-scaled.jpg\" alt=\"\" \/><br \/>\n<\/a><\/div>\n<\/div>\n<\/div>\n<\/div>\n<\/div>\n<\/section>\n<\/div>\n","protected":false},"excerpt":{"rendered":"<p>D\u00d9NG TH\u1eec C\u00c0 PH\u00ca D\u00f9ng th\u1eed c\u00e1c d\u00f2ng s\u1ea3n ph\u1ea9m c\u1ee7a c\u00e0 ph\u00ea Con S\u00f3c (Arabica, Robusta, Blend) \u0111\u1ec3 t\u00ecm ra gu c\u00e0 ph\u00ea y\u00eau th\u00edch c\u1ee7a b\u1ea1n. Th\u1eddi gian: t\u1eeb th\u1ee9 2 \u0111\u1ebfn th\u1ee9 6 h\u1eb1ng tu\u1ea7n Chi ph\u00ed: 100.000 \u0111\/kh\u00e1ch Vui l\u00f2ng \u0111\u1eb7t h\u1eb9n t\u1ea1i \u0111\u01b0\u1eddng link sau: \u0110\u1eb7t h\u1eb9n \u0110\u1eb6T CH\u1ed6 S\u1ef0 &hellip; <\/p>\n<p class=\"link-more\"><a href=\"https:\/\/consoc.com.vn\/?page_id=3656&#038;lang=vi\" class=\"more-link\">Continue reading<span class=\"screen-reader-text\"> &#8220;S\u1ef1 ki\u1ec7n&#8221;<\/span><\/a><\/p>\n","protected":false},"author":1,"featured_media":0,"parent":0,"menu_order":0,"comment_status":"closed","ping_status":"closed","template":"","meta":{"footnotes":""},"_links":{"self":[{"href":"https:\/\/consoc.com.vn\/index.php?rest_route=\/wp\/v2\/pages\/3656"}],"collection":[{"href":"https:\/\/consoc.com.vn\/index.php?rest_route=\/wp\/v2\/pages"}],"about":[{"href":"https:\/\/consoc.com.vn\/index.php?rest_route=\/wp\/v2\/types\/page"}],"author":[{"embeddable":true,"href":"https:\/\/consoc.com.vn\/index.php?rest_route=\/wp\/v2\/users\/1"}],"replies":[{"embeddable":true,"href":"https:\/\/consoc.com.vn\/index.php?rest_route=%2Fwp%2Fv2%2Fcomments&post=3656"}],"version-history":[{"count":45,"href":"https:\/\/consoc.com.vn\/index.php?rest_route=\/wp\/v2\/pages\/3656\/revisions"}],"predecessor-version":[{"id":3833,"href":"https:\/\/consoc.com.vn\/index.php?rest_route=\/wp\/v2\/pages\/3656\/revisions\/3833"}],"wp:attachment":[{"href":"https:\/\/consoc.com.vn\/index.php?rest_route=%2Fwp%2Fv2%2Fmedia&parent=3656"}],"curies":[{"name":"wp","href":"https:\/\/api.w.org\/{rel}","templated":true}]}}