{"id":239,"date":"2017-03-02T11:07:00","date_gmt":"2017-03-02T11:07:00","guid":{"rendered":"http:\/\/consoc.com.vn\/?page_id=239"},"modified":"2019-02-16T01:20:09","modified_gmt":"2019-02-15T18:20:09","slug":"huong-dan-mua-hang","status":"publish","type":"page","link":"https:\/\/consoc.com.vn\/?page_id=239&lang=vi","title":{"rendered":"H\u01b0\u1edbng d\u1eabn mua h\u00e0ng"},"content":{"rendered":"<div class=\"titleMain clearfix\">\n<header class=\"name-product\">\n<h1>H\u01b0\u1edbng d\u1eabn mua h\u00e0ng<\/h1>\n<\/header>\n<\/div>\n<div class=\"aboutUs contain\">\n<div class=\"row\">\n<div class=\"col-lg-12 col-md-12 col-sm-12 col-xs-12\">\n<section class=\"order-instructions\">\n<div class=\"media\">\n<div class=\"media-body mediaFix\">\n<h4 id=\"order-instruction\" class=\"title-form\"><strong>I-C\u00c1CH TH\u1ee8C \u0110\u1eb6T H\u00c0NG:<\/strong><\/h4>\n<div class=\"paragraphs\">\n<p><strong>a-\u0110\u1eb7t h\u00e0ng qua \u0111i\u1ec7n tho\u1ea1i: <\/strong><\/p>\n<p>Hotline: +84.903.716.746<br \/>\nTh\u1eddi gian nh\u1eadn cu\u1ed9c g\u1ecdi: <strong>08:00 \u2013 16:30<\/strong> (t\u1eeb <strong>th\u1ee9 2<\/strong> \u0111\u1ebfn <strong>th\u1ee9 7<\/strong> \u2013 tr\u1eeb Ch\u1ee7 nh\u1eadt v\u00e0 c\u00e1c ng\u00e0y L\u1ec5, T\u1ebft)<\/p>\n<p><strong>b-\u0110\u1eb7t h\u00e0ng qua trang web:<\/strong><\/p>\n<p>Website: <a href=\"https:\/\/www.consoc.com.vn\">www.consoc.com.vn<\/a><\/p>\n<\/div>\n<h4 id=\"payment-methods\" class=\"title-form\"><strong>II-PH\u01af\u01a0NG TH\u1ee8C THANH TO\u00c1N:<\/strong><\/h4>\n<div class=\"paragraphs\">\n<p><strong>1.Ti\u1ec1n m\u1eb7t: (Cash On Delivery)<\/strong><\/p>\n<p>Ch\u1ec9 \u00e1p d\u1ee5ng v\u1edbi khu v\u1ef1c Tp.HCM v\u00e0 H\u00e0 N\u1ed9i.<\/p>\n<p><strong>2.Chuy\u1ec3n kho\u1ea3n:<\/strong><\/p>\n<p>a. T\u00ean ng\u00e2n h\u00e0ng: Ng\u00e2n h\u00e0ng Th\u01b0\u01a1ng m\u1ea1i C\u1ed5 ph\u1ea7n \u00c1 Ch\u00e2u \u2013 Chi nh\u00e1nh TP.HCM<br \/>\nb. Ch\u1ee7 t\u00e0i kho\u1ea3n: HTX C\u00f4ng N\u00f4ng Tr\u01b0\u1eddng S\u01a1n<br \/>\nc. S\u1ed1 t\u00e0i kho\u1ea3n: 1598459<\/p>\n<p><strong>L\u01b0u \u00fd:<\/strong><\/p>\n<p>&#8211; xin ghi r\u00f5 h\u1ecd t\u00ean, m\u00e3 s\u1ed1 \u0111\u01a1n h\u00e0ng trong ph\u1ea7n n\u1ed9i dung chuy\u1ec3n kho\u1ea3n.<br \/>\n&#8211; qu\u00fd kh\u00e1ch vui l\u00f2ng ho\u00e0n t\u1ea5t th\u1ee7 t\u1ee5c thanh to\u00e1n trong v\u00f2ng 48 gi\u1edd sau khi \u0111\u1eb7t h\u00e0ng th\u00e0nh c\u00f4ng.<br \/>\n&#8211; ph\u00ed chuy\u1ec3n kho\u1ea3n (n\u1ebfu c\u00f3) s\u1ebd do kh\u00e1ch h\u00e0ng thanh to\u00e1n.<\/p>\n<p><strong>3.Thanh to\u00e1n online qua th\u1ebb: <\/strong><\/p>\n<p>Visa, Master ho\u1eb7c th\u1ebb ATM n\u1ed9i \u0111\u1ecba.<\/p>\n<\/div>\n<h4 id=\"delivery-policy\" class=\"title-form\"><strong>III-CH\u00cdNH S\u00c1CH GIAO H\u00c0NG:<\/strong><\/h4>\n<div class=\"paragraphs\">\n<p><strong>a. Ph\u00ed v\u1eadn chuy\u1ec3n:<\/strong><\/p>\n<p>Gi\u00e1 tr\u1ecb t\u1ed1i thi\u1ec3u c\u1ee7a m\u1ed7i \u0111\u01a1n h\u00e0ng l\u00e0 200.000 VN\u0110.<\/p>\n<div class=\"table-responsive\">\n<table class=\"table table-bordered\">\n<tbody>\n<tr>\n<th style=\"text-align: center;\" width=\"75\">Khu v\u1ef1c<\/th>\n<th><\/th>\n<th style=\"text-align: center;\" width=\"120\">Ph\u00ed giao h\u00e0ng<\/th>\n<\/tr>\n<tr>\n<td style=\"text-align: center;\">Khu v\u1ef1c 1<\/td>\n<td><strong>C\u00e1c qu\u1eadn trung t\u00e2m Tp.HCM:<\/strong><br \/>\nQu\u1eadn 1, Qu\u1eadn\u00a02, Qu\u1eadn\u00a03, Qu\u1eadn\u00a04, Qu\u1eadn\u00a05, Qu\u1eadn\u00a06, Qu\u1eadn\u00a07, Qu\u1eadn\u00a08, Qu\u1eadn\u00a010, Qu\u1eadn\u00a011, Q. B\u00ecnh Th\u1ea1nh, Q. G\u00f2 V\u1ea5p, Q. Ph\u00fa Nhu\u1eadn, Q. T\u00e2n B\u00ecnh.<br \/>\n<strong>C\u00e1c qu\u1eadn trung t\u00e2m H\u00e0 N\u1ed9i:<\/strong><br \/>\nQ. Ba \u0110\u00ecnh, Q. C\u1ea7u Gi\u1ea5y, Q. \u0110\u1ed1ng \u0110a, Q. Hai B\u00e0 Tr\u01b0ng, Q. Ho\u00e0n Ki\u1ebfm, Q. Ho\u00e0ng Mai, Q. T\u00e2y H\u1ed3, Q. Thanh Xu\u00e2n.<\/td>\n<td style=\"text-align: center;\">40.000<\/td>\n<\/tr>\n<tr>\n<td style=\"text-align: center;\">Khu v\u1ef1c 2<\/td>\n<td><strong>Tp.HCM:<\/strong>\u00a0Qu\u1eadn 9, Qu\u1eadn\u00a012, Q. B\u00ecnh T\u00e2n, Q. T\u00e2n Ph\u00fa, Q. Th\u1ee7 \u0110\u1ee9c.<br \/>\n<strong>H\u00e0 N\u1ed9i:<\/strong> Nam T\u1eeb Li\u00eam, B\u1eafc T\u1eeb Li\u00eam, Long Bi\u00ean, H\u00e0 \u0110\u00f4ng.<\/td>\n<td style=\"text-align: center;\">50.000<\/td>\n<\/tr>\n<tr>\n<td style=\"text-align: center;\">Khu v\u1ef1c 3<\/td>\n<td>C\u00e1c qu\u1eadn huy\u1ec7n c\u00f2n l\u1ea1i c\u1ee7a <strong>Tp.HCM<\/strong>\u00a0v\u00e0\u00a0<strong>H\u00e0 N\u1ed9i<\/strong>.<\/td>\n<td style=\"text-align: center;\">70.000<\/td>\n<\/tr>\n<tr>\n<td style=\"text-align: center;\">Khu v\u1ef1c 4<\/td>\n<td>C\u00e1c t\u1ec9nh\/th\u00e0nh ph\u1ed1 ngo\u00e0i\u00a0<strong>Tp.HCM,\u00a0H\u00e0 N\u1ed9i<\/strong>\u00a0v\u00e0 nh\u1eefng t\u1ec9nh v\u00f9ng s\u00e2u v\u00f9ng xa \u0111\u01b0\u1ee3c li\u1ec7t k\u00ea trong danh s\u00e1ch Khu v\u1ef1c 5 b\u00ean d\u01b0\u1edbi.<\/td>\n<td style=\"text-align: center;\">100.000<\/td>\n<\/tr>\n<tr>\n<td style=\"text-align: center;\">Khu v\u1ef1c 5<\/td>\n<td><strong>C\u00e1c t\u1ec9nh v\u00f9ng s\u00e2u v\u00f9ng xa nh\u01b0:<\/strong>\u00a0B\u1eafc C\u1ea1n, Cao B\u1eb1ng, \u0110i\u1ec7n Bi\u00ean, H\u00e0 Giang, Lai Ch\u00e2u, S\u01a1n La, Tuy\u00ean Quang.<\/td>\n<td style=\"text-align: center;\">150.000<\/td>\n<\/tr>\n<\/tbody>\n<\/table>\n<\/div>\n<div class=\"table-responsive\"><\/div>\n<\/div>\n<div class=\"paragraphs\">\n<p><strong>b. Quy tr\u00ecnh giao nh\u1eadn:<\/strong><\/p>\n<p>-\u0110\u01a1n h\u00e0ng c\u1ee7a qu\u00fd kh\u00e1ch s\u1ebd \u0111\u01b0\u1ee3c li\u00ean h\u1ec7 giao h\u00e0ng t\u1ed1i \u0111a trong 02 l\u1ea7n.<\/p>\n<p>-Tr\u01b0\u1eddng h\u1ee3p giao h\u00e0ng l\u1ea7n \u0111\u1ea7u kh\u00f4ng th\u00e0nh c\u00f4ng, ch\u00fang t\u00f4i s\u1ebd li\u00ean h\u1ec7 trong 24h ti\u1ebfp theo \u0111\u1ec3 s\u1eafp x\u1ebfp l\u1ecbch giao h\u00e0ng l\u1ea7n 02 cho qu\u00fd kh\u00e1ch.<\/p>\n<p>-Trong tr\u01b0\u1eddng h\u1ee3p kh\u00f4ng li\u00ean h\u1ec7 \u0111\u01b0\u1ee3c ho\u1eb7c kh\u00f4ng nh\u1eadn \u0111\u01b0\u1ee3c b\u1eadt k\u00ec ph\u1ea3n h\u1ed3i n\u00e0o t\u1eeb qu\u00fd kh\u00e1ch, \u0111\u01a1n h\u00e0ng s\u1ebd t\u1ef1 \u0111\u1ed9ng b\u1ecb h\u1ee7y.<\/p>\n<p>-T\u1ea1i th\u1eddi \u0111i\u1ec3m nh\u1eadn h\u00e0ng, qu\u00fd kh\u00e1ch c\u00f3 th\u1ec3 ki\u1ec3m tra t\u00ecnh tr\u1ea1ng, s\u1ed1 l\u01b0\u1ee3ng c\u00e1c s\u1ea3n ph\u1ea9m trong \u0111\u01a1n h\u00e0ng.<\/p>\n<p>-\u0110\u1ed1i v\u1edbi c\u00e1c \u0111\u01a1n h\u00e0ng \u0111\u00e3 thanh to\u00e1n tr\u01b0\u1edbc, qu\u00fd kh\u00e1ch vui l\u00f2ng xu\u1ea5t tr\u00ecnh gi\u1ea5y t\u1edd t\u00f9y th\u00e2n (CMND ho\u1eb7c Gi\u1ea5y ph\u00e9p l\u00e1i xe\u2026) \u0111\u1ec3 nh\u1eadn h\u00e0ng.<\/p>\n<\/div>\n<div class=\"paragraphs\">\n<p><strong>c. Th\u1eddi gian giao h\u00e0ng: <\/strong>(kh\u00f4ng t\u00ednh th\u1ee9 7, Ch\u1ee7 nh\u1eadt v\u00e0 c\u00e1c ng\u00e0y L\u1ec5, T\u1ebft)<\/p>\n<p>-Tp.HCM, H\u00e0 N\u1ed9i: t\u1eeb 1-2 ng\u00e0y l\u00e0m vi\u1ec7c.<\/p>\n<p>-C\u00e1c t\u1ec9nh th\u00e0nh kh\u00e1c: 2-5 ng\u00e0y l\u00e0m vi\u1ec7c n\u1ebfu v\u00f9ng tr\u1ea3 h\u00e0ng l\u00e0 trung t\u00e2m c\u1ee7a c\u00e1c t\u1ec9nh th\u00e0nh. N\u1ebfu v\u00f9ng nh\u1eadn h\u00e0ng l\u00e0 v\u00f9ng s\u00e2u, v\u00f9ng xa th\u1eddi gian s\u1ebd \u0111\u01b0\u1ee3c c\u1ed9ng th\u00eam.<\/p>\n<p>Trong tr\u01b0\u1eddng h\u1ee3p qu\u00fd kh\u00e1ch ch\u1ecdn h\u00ecnh th\u1ee9c thanh to\u00e1n chuy\u1ec3n kho\u1ea3n ho\u1eb7c c\u1ed5ng thanh to\u00e1n tr\u1ef1c tuy\u1ebfn, th\u1eddi gian x\u1eed l\u00fd \u0111\u01a1n h\u00e0ng s\u1ebd \u0111\u01b0\u1ee3c t\u00ednh t\u1eeb khi \u0111\u01a1n h\u00e0ng \u0111\u01b0\u1ee3c x\u00e1c nh\u1eadn thanh to\u00e1n.<\/p>\n<\/div>\n<h4 id=\"quality-assurance\" class=\"title-form\"><strong>IV-CH\u00cdNH S\u00c1CH B\u1ea2O H\u00c0NH:<\/strong><\/h4>\n<div class=\"paragraphs\">\n<p>Ch\u00fang t\u00f4i cam k\u1ebft \u0111\u1ea3m b\u1ea3o v\u1ec1 ch\u1ea5t l\u01b0\u1ee3ng h\u00e0ng h\u00f3a theo ti\u00eau chu\u1ea9n v\u00e0 \u0111\u1ea3m b\u1ea3o an to\u00e0n th\u1ef1c ph\u1ea9m nh\u01b0 (th\u00e0nh ph\u1ea7n, th\u1eddi h\u1ea1n s\u1eed d\u1ee5ng.. in tr\u00ean bao b\u00ec).<\/p>\n<p>Kh\u00e1ch h\u00e0ng s\u1ebd ti\u1ebfn h\u00e0nh ki\u1ec3m tra t\u00ecnh tr\u1ea1ng h\u00e0ng h\u00f3a ngay khi nh\u1eadn h\u00e0ng. N\u1ebfu h\u00e0ng giao b\u1ecb r\u00e1ch, h\u01b0 h\u1ecfng tr\u01b0\u1edbc khi nh\u1eadn h\u00e0ng. ch\u00fang t\u00f4i s\u1ebd ti\u1ebfn h\u00e0nh \u0111\u1ed5i, tr\u1ea3 h\u00e0ng. Sau khi kh\u00e1ch h\u00e0ng \u0111\u00e3 k\u00fd x\u00e1c nh\u1eadn v\u00e0 nh\u1eadn h\u00e0ng, ch\u00fang t\u00f4i s\u1ebd kh\u00f4ng ch\u1ecbu tr\u00e1ch nhi\u1ec7m v\u1ec1 t\u00ecnh tr\u1ea1ng h\u00e0ng h\u00f3a.<\/p>\n<\/div>\n<\/div>\n<\/div>\n<\/section>\n<\/div>\n<\/div>\n<\/div>\n","protected":false},"excerpt":{"rendered":"<p>H\u01b0\u1edbng d\u1eabn mua h\u00e0ng I-C\u00c1CH TH\u1ee8C \u0110\u1eb6T H\u00c0NG: a-\u0110\u1eb7t h\u00e0ng qua \u0111i\u1ec7n tho\u1ea1i: Hotline: +84.903.716.746 Th\u1eddi gian nh\u1eadn cu\u1ed9c g\u1ecdi: 08:00 \u2013 16:30 (t\u1eeb th\u1ee9 2 \u0111\u1ebfn th\u1ee9 7 \u2013 tr\u1eeb Ch\u1ee7 nh\u1eadt v\u00e0 c\u00e1c ng\u00e0y L\u1ec5, T\u1ebft) b-\u0110\u1eb7t h\u00e0ng qua trang web: Website: www.consoc.com.vn II-PH\u01af\u01a0NG TH\u1ee8C THANH TO\u00c1N: 1.Ti\u1ec1n m\u1eb7t: (Cash On Delivery) Ch\u1ec9 &hellip; <\/p>\n<p class=\"link-more\"><a href=\"https:\/\/consoc.com.vn\/?page_id=239&#038;lang=vi\" class=\"more-link\">Continue reading<span class=\"screen-reader-text\"> &#8220;H\u01b0\u1edbng d\u1eabn mua h\u00e0ng&#8221;<\/span><\/a><\/p>\n","protected":false},"author":1,"featured_media":0,"parent":0,"menu_order":0,"comment_status":"closed","ping_status":"closed","template":"","meta":{"footnotes":""},"_links":{"self":[{"href":"https:\/\/consoc.com.vn\/index.php?rest_route=\/wp\/v2\/pages\/239"}],"collection":[{"href":"https:\/\/consoc.com.vn\/index.php?rest_route=\/wp\/v2\/pages"}],"about":[{"href":"https:\/\/consoc.com.vn\/index.php?rest_route=\/wp\/v2\/types\/page"}],"author":[{"embeddable":true,"href":"https:\/\/consoc.com.vn\/index.php?rest_route=\/wp\/v2\/users\/1"}],"replies":[{"embeddable":true,"href":"https:\/\/consoc.com.vn\/index.php?rest_route=%2Fwp%2Fv2%2Fcomments&post=239"}],"version-history":[{"count":32,"href":"https:\/\/consoc.com.vn\/index.php?rest_route=\/wp\/v2\/pages\/239\/revisions"}],"predecessor-version":[{"id":3161,"href":"https:\/\/consoc.com.vn\/index.php?rest_route=\/wp\/v2\/pages\/239\/revisions\/3161"}],"wp:attachment":[{"href":"https:\/\/consoc.com.vn\/index.php?rest_route=%2Fwp%2Fv2%2Fmedia&parent=239"}],"curies":[{"name":"wp","href":"https:\/\/api.w.org\/{rel}","templated":true}]}}