{"id":225,"date":"2017-03-02T10:38:50","date_gmt":"2017-03-02T10:38:50","guid":{"rendered":"http:\/\/consoc.com.vn\/?page_id=225"},"modified":"2025-11-13T14:52:22","modified_gmt":"2025-11-13T07:52:22","slug":"trang-san-pham","status":"publish","type":"page","link":"https:\/\/consoc.com.vn\/?page_id=225&lang=vi","title":{"rendered":"S\u1ea3n ph\u1ea9m"},"content":{"rendered":"<div class=\"clearfix\">\n<header class=\"name-product hd-bg hd-OurProduct\"><\/header>\n<\/div>\n<div class=\"our-products contain\">\n<section class=\"infor-contact\">\n<h3 id=\"phin-giay\" class=\"sm-title sm-title-Frist hd-PaperFilter\" style=\"background-image: url('https:\/\/consoc.com.vn\/wp-content\/uploads\/2017\/03\/Phin-giay.jpg');\"><\/h3>\n<div class=\"row\">\n<div class=\"col-lg-10 col-md-10 col-sm-12 col-xs-12 col-lg-offset-1 col-md-offset-1\">\n<div class=\"paragraphs\">\n<div class=\"media\">\n<div class=\"media-body\">\n<h4 class=\"media-heading\"><strong>H\u1ed8P VU\u00d4NG<\/strong><\/h4>\n<p>G\u1ed3m 04 lo\u1ea1i v\u1edbi 04 m\u00e0u s\u1eafc h\u1ed9p kh\u00e1c nhau nh\u01b0: \u0111en, n\u00e2u, xanh d\u01b0\u01a1ng, t\u00edm nh\u1eb1m \u0111\u00e1p \u1ee9ng gu th\u01b0\u1edfng th\u1ee9c c\u00e0 ph\u00ea kh\u00e1c nhau c\u1ee7a nhi\u1ec1u ng\u01b0\u1eddi.<\/p>\n<p><em>Quy c\u00e1ch: 10 phin gi\u1ea5y x 7gr<\/em><\/p>\n<\/div>\n<div class=\"media-right\"><a href=\"#\"><br \/>\n<img decoding=\"async\" class=\"media-object imgSize1 img-responsive\" src=\"https:\/\/consoc.com.vn\/wp-content\/uploads\/2018\/12\/cubic-boxes.jpg\" alt=\"\" \/><br \/>\n<\/a><\/div>\n<\/div>\n<div class=\"media\">\n<div class=\"media-body\">\n<h4 class=\"media-heading\"><strong>H\u1ed8P \u0110\u01a0N<\/strong><\/h4>\n<p>G\u1ed3m 05 lo\u1ea1i v\u1edbi 05 m\u00e0u s\u1eafc h\u1ed9p kh\u00e1c nhau nh\u01b0: \u0111en, n\u00e2u, xanh d\u01b0\u01a1ng, t\u00edm, xanh ng\u1ecdc nh\u1eb1m \u0111\u00e1p \u1ee9ng gu th\u01b0\u1edfng th\u1ee9c c\u00e0 ph\u00ea kh\u00e1c nhau c\u1ee7a nhi\u1ec1u ng\u01b0\u1eddi.<\/p>\n<p><em>Quy c\u00e1ch: 10 phin gi\u1ea5y x 10gr + 10 g\u00f3i \u0111\u01b0\u1eddng\/s\u1eefa<\/em><\/p>\n<\/div>\n<div class=\"media-right\"><a href=\"#\"><br \/>\n<img decoding=\"async\" class=\"media-object imgSize1 img-responsive\" src=\"https:\/\/consoc.com.vn\/wp-content\/uploads\/2018\/12\/single-boxes.jpg\" alt=\"\" \/><br \/>\n<\/a><\/div>\n<\/div>\n<div class=\"media\">\n<div class=\"media-body\">\n<h4 class=\"media-heading\"><strong>H\u1ed8P \u0110\u00d4I<\/strong><\/h4>\n<p>G\u1ed3m 02 lo\u1ea1i \u0111en v\u00e0 n\u00e2u.<\/p>\n<p>\u0110en: Arabica 70% + Robusta 30%<br \/>\nN\u00e2u: Arabica 50% + Robusta 50% + H\u01b0\u01a1ng Hazelnut<\/p>\n<p><em>Quy c\u00e1ch: 20 phin gi\u1ea5y x 10gr + 20 g\u00f3i \u0111\u01b0\u1eddng<\/em><\/p>\n<\/div>\n<div class=\"media-right\"><a href=\"#\"><br \/>\n<img decoding=\"async\" class=\"media-object imgSize1\" src=\"https:\/\/consoc.com.vn\/wp-content\/uploads\/2025\/03\/Double-Boxes.jpg\" alt=\"\" \/><br \/>\n<\/a><\/div>\n<\/div>\n<div class=\"media\">\n<div class=\"media-body\">\n<h4 class=\"media-heading\"><strong>H\u1ed8P 50<\/strong><\/h4>\n<p>G\u1ed3m 02 lo\u1ea1i n\u00e2u v\u00e0 xanh.<\/p>\n<p>N\u00e2u: Arabica 50% + Robusta 50% + H\u01b0\u01a1ng Hazelnut<br \/>\nXanh: Arabica 100%<\/p>\n<p><em>Quy c\u00e1ch: 50 phin gi\u1ea5y x 10gr + 50 g\u00f3i \u0111\u01b0\u1eddng<\/em><\/p>\n<\/div>\n<div class=\"media-right\"><a href=\"#\"><br \/>\n<img decoding=\"async\" class=\"media-object imgSize1\" src=\"https:\/\/consoc.com.vn\/wp-content\/uploads\/2025\/03\/50-Filter.jpg\" alt=\"\" \/><br \/>\n<\/a><\/div>\n<\/div>\n<div class=\"media\">\n<div class=\"media-body\">\n<h4 class=\"media-heading\"><strong>LY GI\u1ea4Y<\/strong><\/h4>\n<p>G\u1ed3m 02 lo\u1ea1i h\u1ed9p \u0111en v\u00e0 xanh ng\u1ecdc t\u01b0\u01a1ng \u1ee9ng v\u1edbi 02 lo\u1ea1i c\u00e0 ph\u00ea \u0111en v\u00e0 c\u00e0 ph\u00ea s\u1eefa.<\/p>\n<p><em>Quy c\u00e1ch: 10 phin gi\u1ea5y x 10gr + 10 g\u00f3i \u0111\u01b0\u1eddng\/s\u1eefa + 10 ly gi\u1ea5y<\/em><\/p>\n<\/div>\n<div class=\"media-right\"><a href=\"#\"><br \/>\n<img decoding=\"async\" class=\"media-object imgSize1\" src=\"https:\/\/consoc.com.vn\/wp-content\/uploads\/2017\/03\/6-1.jpg\" alt=\"\" \/><br \/>\n<\/a><\/div>\n<\/div>\n<\/div>\n<\/div>\n<\/div>\n<h3 id=\"ca-phe-bot\" class=\"sm-title hd-groundCoffee\" style=\"background-image: url('https:\/\/consoc.com.vn\/wp-content\/uploads\/2025\/11\/ca-phe-u-lanh-1.jpg');\"><\/h3>\n<div class=\"row\">\n<div class=\"col-lg-10 col-md-10 col-sm-12 col-xs-12 col-lg-offset-1 col-md-offset-1\">\n<div class=\"paragraphs\">\n<div class=\"media\">\n<div class=\"media-body\">\n<h4 class=\"media-heading\"><strong>C\u00c0 PH\u00ca \u1ee6 L\u1ea0NH<\/strong><\/h4>\n<p>\u0110\u00f3ng g\u00f3i d\u1ea1ng t\u00fai l\u1ecdc d\u00f9ng \u0111\u1ec3 pha cold brew, \u0111\u00e1p \u1ee9ng nhu c\u1ea7u ti\u1ec7n l\u1ee3i cho kh\u00e1ch h\u00e0ng m\u00e0 v\u1eabn gi\u1eef tr\u1ecdn v\u1ecb c\u00e0 ph\u00ea nguy\u00ean b\u1ea3n.<\/p>\n<p>Th\u00e0nh ph\u1ea7n: Arabica C\u1ea7u \u0110\u1ea5t + Arabica Ethiopia<br \/>\n\u0110\u1eb7c \u0111i\u1ec3m: h\u01b0\u01a1ng hoa, th\u1ea3o m\u1ed9c, h\u1eadu v\u1ecb ng\u1ecdt, chua thanh, \u00edt \u0111\u1eafng.<\/p>\n<p><em>Quy c\u00e1ch: 7 g\u00f3i t\u00fai  x 22gr<\/em><\/p>\n<\/div>\n<div class=\"media-right\"><a href=\"#\"><br \/>\n<img decoding=\"async\" class=\"media-object imgSize1\" src=\"https:\/\/consoc.com.vn\/wp-content\/uploads\/2025\/11\/cbc-1.jpg\" alt=\"\" \/><br \/>\n<\/a><\/div>\n<\/div>\n<\/div>\n<\/div>\n<\/div>\n<h3 id=\"ca-phe-bot\" class=\"sm-title hd-groundCoffee\" style=\"background-image: url('https:\/\/consoc.com.vn\/wp-content\/uploads\/2017\/03\/Ca-phe-bot.jpg');\"><\/h3>\n<div class=\"row\">\n<div class=\"col-lg-10 col-md-10 col-sm-12 col-xs-12 col-lg-offset-1 col-md-offset-1\">\n<div class=\"paragraphs\">\n<div class=\"media\">\n<div class=\"media-body\">\n<h4 class=\"media-heading\"><strong>S\u1eccC N\u00c2U<\/strong><\/h4>\n<p>\u0110\u00f3ng g\u00f3i trong t\u00fai nh\u00f4m m\u00e0u n\u00e2u.<br \/>\nTh\u00e0nh ph\u1ea7n: Arabica 100% &#8211; H\u01b0\u01a1ng Hazelnut<br \/>\n\u0110\u1eb7c \u0111i\u1ec3m: v\u1ecb \u0111\u1eafng thanh, h\u01b0\u01a1ng th\u01a1m \u0111\u1eadm m\u00f9i h\u1ea1t d\u1ebb.<\/p>\n<p><em>Tr\u1ecdng l\u01b0\u1ee3ng: 100gr \u2013 250gr \u2013 500gr<\/em><\/p>\n<\/div>\n<div class=\"media-right\"><a href=\"#\"><br \/>\n<img decoding=\"async\" class=\"media-object imgSize1\" src=\"https:\/\/consoc.com.vn\/wp-content\/uploads\/2025\/04\/Goi-Nau.jpg\" alt=\"\" \/><br \/>\n<\/a><\/div>\n<\/div>\n<div class=\"media\">\n<div class=\"media-body\">\n<h4 class=\"media-heading\"><strong>S\u1eccC XANH<\/strong><\/h4>\n<p>\u0110\u00f3ng g\u00f3i trong t\u00fai nh\u00f4m m\u00e0u xanh.<br \/>\nTh\u00e0nh ph\u1ea7n: Arabica 50% &#8211; Robusta 50% &#8211; H\u01b0\u01a1ng Hazelnut<br \/>\n\u0110\u1eb7c \u0111i\u1ec3m: v\u1ecb \u0111\u1eafng v\u1eeba ph\u1ea3i, h\u01b0\u01a1ng th\u01a1m m\u00f9i h\u1ea1t d\u1ebb.<\/p>\n<p><em>Tr\u1ecdng l\u01b0\u1ee3ng: 100gr \u2013 250gr \u2013 500gr<\/em><\/p>\n<\/div>\n<div class=\"media-right\"><a href=\"#\"><br \/>\n<img decoding=\"async\" class=\"media-object imgSize1\" src=\"https:\/\/consoc.com.vn\/wp-content\/uploads\/2025\/04\/Goi-Xanh.jpg\" alt=\"\" \/><br \/>\n<\/a><\/div>\n<\/div>\n<div class=\"media\">\n<div class=\"media-body\">\n<h4 class=\"media-heading\"><strong>SIGNATURE BLEND<\/strong><\/h4>\n<p>\u0110\u00f3ng g\u00f3i trong t\u00fai nh\u00f4m cao c\u1ea5p.<br \/>\nTh\u00e0nh ph\u1ea7n: Robusta Vi\u1ec7t Nam &#8211; Arabica Ethiopia<br \/>\nC\u1ee1 xay: ph\u00f9 h\u1ee3p pha phin.<br \/>\nH\u01b0\u01a1ng v\u1ecb: hoa qu\u1ea3 kh\u00f4, s\u00f4-c\u00f4-la \u0111en, v\u1ecb b\u00e9o, c\u00e2n b\u1eb1ng.<\/p>\n<p><em>Tr\u1ecdng l\u01b0\u1ee3ng: 250gr<\/em><\/p>\n<\/div>\n<div class=\"media-right\"><a href=\"#\"><br \/>\n<img decoding=\"async\" class=\"media-object imgSize1\" src=\"https:\/\/consoc.com.vn\/wp-content\/uploads\/2025\/04\/Signature-Blend.jpg\" alt=\"\" \/><br \/>\n<\/a><\/div>\n<\/div>\n<\/div>\n<\/div>\n<\/div>\n<h3 id=\"hop-giay\" class=\"sm-title hd-giftBox\" style=\"background-image: url('https:\/\/consoc.com.vn\/wp-content\/uploads\/2017\/03\/Hop-giay.jpg');\"><\/h3>\n<div class=\"row\">\n<div class=\"col-lg-10 col-md-10 col-sm-12 col-xs-12 col-lg-offset-1 col-md-offset-1\">\n<div class=\"paragraphs\">\n<div class=\"media\">\n<div class=\"media-body\">\n<h4 class=\"media-heading\"><strong>H\u1ed8P 500G<\/strong><\/h4>\n<p>C\u00e0 ph\u00ea b\u1ed9t trong t\u00fai nh\u00f4m \u0111\u00f3ng g\u00f3i trong h\u1ed9p qu\u00e0 t\u1eb7ng.<br \/>\nTh\u00e0nh ph\u1ea7n:<br \/>\nH\u1ed9p N\u00e2u: Arabica 100% &#8211; H\u01b0\u01a1ng Hazelnut<br \/>\nH\u1ed9p Xanh: Arabica 50% &#8211; Robusta 50% &#8211; H\u01b0\u01a1ng Hazelnut<\/p>\n<p><em>Tr\u1ecdng l\u01b0\u1ee3ng: 500gr<\/em><\/p>\n<\/div>\n<div class=\"media-right\"><a href=\"#\"><br \/>\n<img decoding=\"async\" class=\"media-object imgSize1\" src=\"https:\/\/consoc.com.vn\/wp-content\/uploads\/2025\/03\/Box-500g.jpg\" alt=\"\" \/><br \/>\n<\/a><\/div>\n<\/div>\n<div class=\"media\">\n<div class=\"media-body\">\n<h4 class=\"media-heading\"><strong>H\u1ed8P TAM GI\u00c1C<\/strong><\/h4>\n<p>C\u00e0 ph\u00ea h\u1ea1t trong t\u00fai nh\u00f4m \u0111\u00f3ng g\u00f3i trong h\u1ed9p qu\u00e0 t\u1eb7ng.<br \/>\nTh\u00e0nh ph\u1ea7n:<br \/>\nArabica Heirloom: Arabica Ethiopia 100%<br \/>\nRobusta Honey: Robusta Honey 100%<\/p>\n<p><em>Tr\u1ecdng l\u01b0\u1ee3ng: 200gr<\/em><\/p>\n<\/div>\n<div class=\"media-right\"><a href=\"#\"><br \/>\n<img decoding=\"async\" class=\"media-object imgSize1\" src=\"https:\/\/consoc.com.vn\/wp-content\/uploads\/2025\/03\/Triangular-Box.jpg\" alt=\"\" \/><br \/>\n<\/a><\/div>\n<\/div>\n<\/div>\n<\/div>\n<\/div>\n<h3 id=\"nguyen-hat\" class=\"sm-title hd-wholeBean\" style=\"background-image: url('https:\/\/consoc.com.vn\/wp-content\/uploads\/2018\/12\/Nguyen-hat.jpg');\"><\/h3>\n<div class=\"row\">\n<div class=\"col-lg-10 col-md-10 col-sm-12 col-xs-12 col-lg-offset-1 col-md-offset-1\">\n<div class=\"paragraphs\">\n<div class=\"media\">\n<div class=\"media-body\">\n<h4 class=\"media-heading\"><strong>ESPRESSO<\/strong><\/h4>\n<p><strong>\u0110\u1ed8 RANG: \u0110\u1eacM, S\u1eacM M\u00c0U.<\/strong><br \/>\nH\u1ea1t c\u00e0 ph\u00ea \u0111\u01b0\u1ee3c tuy\u1ec3n l\u1ef1a t\u1eeb \u0110\u00e0 L\u1ea1t, L\u00e2m \u0110\u1ed3ng.<br \/>\nTh\u00e0nh ph\u1ea7n: Arabica 70% &#8211; Robusta 30%<\/p>\n<p><em>Tr\u1ecdng l\u01b0\u1ee3ng: 200gr<\/em><\/p>\n<\/div>\n<div class=\"media-right\"><a href=\"#\"><br \/>\n<img decoding=\"async\" class=\"media-object imgSize1\" src=\"https:\/\/consoc.com.vn\/wp-content\/uploads\/2018\/12\/E.jpg\" alt=\"\" \/><br \/>\n<\/a><\/div>\n<\/div>\n<div class=\"media\">\n<div class=\"media-body\">\n<h4 class=\"media-heading\"><strong>ARABICA<\/strong><\/h4>\n<p><strong>\u0110\u1ed8 RANG: TRUNG B\u00ccNH.<\/strong><br \/>\nH\u1ea1t c\u00e0 ph\u00ea \u0111\u01b0\u1ee3c tuy\u1ec3n l\u1ef1a t\u1eeb \u0110\u00e0 L\u1ea1t, L\u00e2m \u0110\u1ed3ng.<br \/>\nTh\u00e0nh ph\u1ea7n: Arabica 100%<\/p>\n<p><em>Tr\u1ecdng l\u01b0\u1ee3ng: 200gr<\/em><\/p>\n<\/div>\n<div class=\"media-right\"><a href=\"#\"><br \/>\n<img decoding=\"async\" class=\"media-object imgSize1\" src=\"https:\/\/consoc.com.vn\/wp-content\/uploads\/2018\/12\/A.jpg\" alt=\"\" \/><br \/>\n<\/a><\/div>\n<\/div>\n<div class=\"media\">\n<div class=\"media-body\">\n<h4 class=\"media-heading\"><strong>ROBUSTA<\/strong><\/h4>\n<p><strong>\u0110\u1ed8 RANG: TRUNG B\u00ccNH.<\/strong><br \/>\nH\u1ea1t c\u00e0 ph\u00ea \u0111\u01b0\u1ee3c tuy\u1ec3n l\u1ef1a t\u1eeb \u0110\u00e0 L\u1ea1t, L\u00e2m \u0110\u1ed3ng.<br \/>\nTh\u00e0nh ph\u1ea7n: Robusta 100%<\/p>\n<p><em>Tr\u1ecdng l\u01b0\u1ee3ng: 200gr<\/em><\/p>\n<\/div>\n<div class=\"media-right\"><a href=\"#\"><br \/>\n<img decoding=\"async\" class=\"media-object imgSize1\" src=\"https:\/\/consoc.com.vn\/wp-content\/uploads\/2018\/12\/R.jpg\" alt=\"\" \/><br \/>\n<\/a><\/div>\n<\/div>\n<div class=\"media\">\n<div class=\"media-body\">\n<h4 class=\"media-heading\"><strong>ARABICA HEIRLOOM<\/strong><\/h4>\n<p><strong>\u0110\u1ed8 RANG: V\u1eeaA, NH\u1eb8.<\/strong><br \/>\nLo\u1ea1i h\u1ea1t: Ethiopia<br \/>\nH\u01b0\u01a1ng v\u1ecb: H\u01b0\u01a1ng hoa, tr\u00e1i c\u00e2y, h\u1eadu ng\u1ecdt.<br \/>\nTh\u00e0nh ph\u1ea7n: Arabica Heirloom 100%<\/p>\n<p><em>Tr\u1ecdng l\u01b0\u1ee3ng: 200gr<\/em><\/p>\n<\/div>\n<div class=\"media-right\"><a href=\"#\"><br \/>\n<img decoding=\"async\" class=\"media-object imgSize1\" src=\"https:\/\/consoc.com.vn\/wp-content\/uploads\/2025\/03\/A-Ethi.jpg\" alt=\"\" \/><br \/>\n<\/a><\/div>\n<\/div>\n<div class=\"media\">\n<div class=\"media-body\">\n<h4 class=\"media-heading\"><strong>ROBUSTA HONEY<\/strong><\/h4>\n<p><strong>\u0110\u1ed8 RANG: TRUNG B\u00ccNH.<\/strong><br \/>\nLo\u1ea1i h\u1ea1t: Robusta Vietnam<br \/>\nH\u01b0\u01a1ng v\u1ecb: Chocolate, caramel, tr\u00e1i c\u00e2y nhi\u1ec7t \u0111\u1edbi.<br \/>\nTh\u00e0nh ph\u1ea7n: Robusta Honey 100%<\/p>\n<p><em>Tr\u1ecdng l\u01b0\u1ee3ng: 200gr<\/em><\/p>\n<\/div>\n<div class=\"media-right\"><a href=\"#\"><br \/>\n<img decoding=\"async\" class=\"media-object imgSize1\" src=\"https:\/\/consoc.com.vn\/wp-content\/uploads\/2025\/03\/Ro-Honey.jpg\" alt=\"\" \/><br \/>\n<\/a><\/div>\n<\/div>\n<\/div>\n<\/div>\n<\/div>\n<\/section>\n<\/div>\n","protected":false},"excerpt":{"rendered":"<p>H\u1ed8P VU\u00d4NG G\u1ed3m 04 lo\u1ea1i v\u1edbi 04 m\u00e0u s\u1eafc h\u1ed9p kh\u00e1c nhau nh\u01b0: \u0111en, n\u00e2u, xanh d\u01b0\u01a1ng, t\u00edm nh\u1eb1m \u0111\u00e1p \u1ee9ng gu th\u01b0\u1edfng th\u1ee9c c\u00e0 ph\u00ea kh\u00e1c nhau c\u1ee7a nhi\u1ec1u ng\u01b0\u1eddi. Quy c\u00e1ch: 10 phin gi\u1ea5y x 7gr H\u1ed8P \u0110\u01a0N G\u1ed3m 05 lo\u1ea1i v\u1edbi 05 m\u00e0u s\u1eafc h\u1ed9p kh\u00e1c nhau nh\u01b0: \u0111en, n\u00e2u, xanh d\u01b0\u01a1ng, &hellip; <\/p>\n<p class=\"link-more\"><a href=\"https:\/\/consoc.com.vn\/?page_id=225&#038;lang=vi\" class=\"more-link\">Continue reading<span class=\"screen-reader-text\"> &#8220;S\u1ea3n ph\u1ea9m&#8221;<\/span><\/a><\/p>\n","protected":false},"author":1,"featured_media":0,"parent":0,"menu_order":0,"comment_status":"closed","ping_status":"closed","template":"","meta":{"footnotes":""},"_links":{"self":[{"href":"https:\/\/consoc.com.vn\/index.php?rest_route=\/wp\/v2\/pages\/225"}],"collection":[{"href":"https:\/\/consoc.com.vn\/index.php?rest_route=\/wp\/v2\/pages"}],"about":[{"href":"https:\/\/consoc.com.vn\/index.php?rest_route=\/wp\/v2\/types\/page"}],"author":[{"embeddable":true,"href":"https:\/\/consoc.com.vn\/index.php?rest_route=\/wp\/v2\/users\/1"}],"replies":[{"embeddable":true,"href":"https:\/\/consoc.com.vn\/index.php?rest_route=%2Fwp%2Fv2%2Fcomments&post=225"}],"version-history":[{"count":55,"href":"https:\/\/consoc.com.vn\/index.php?rest_route=\/wp\/v2\/pages\/225\/revisions"}],"predecessor-version":[{"id":3821,"href":"https:\/\/consoc.com.vn\/index.php?rest_route=\/wp\/v2\/pages\/225\/revisions\/3821"}],"wp:attachment":[{"href":"https:\/\/consoc.com.vn\/index.php?rest_route=%2Fwp%2Fv2%2Fmedia&parent=225"}],"curies":[{"name":"wp","href":"https:\/\/api.w.org\/{rel}","templated":true}]}}