{"id":2,"date":"2017-02-09T08:58:50","date_gmt":"2017-02-09T08:58:50","guid":{"rendered":"http:\/\/consoc.com.vn\/?page_id=2"},"modified":"2019-02-16T01:30:03","modified_gmt":"2019-02-15T18:30:03","slug":"sample-page","status":"publish","type":"page","link":"https:\/\/consoc.com.vn\/?page_id=2&lang=vi","title":{"rendered":"Trang ch\u1ee7"},"content":{"rendered":"<div class=\"banners\">\n<div class=\"banner-inner positionRelative\"><img decoding=\"async\" class=\"wp-image-29 img-responsive\" src=\"https:\/\/consoc.com.vn\/wp-content\/uploads\/2017\/03\/banner-final.jpg\" alt=\"\" \/><a class=\"text-link-1\" href=\"https:\/\/consoc.com.vn\/?page_id=93&#038;lang=vi\"><span class=\"txt txt1\">Kh\u00e1m ph\u00e1 s\u00e1ng ch\u1ebf phin l\u1ecdc \u0111\u1ed9c \u0111\u00e1o<\/span> <span class=\"fa fa-angle-double-right\"><\/span><\/a><br \/>\n<a class=\"text-link-2\" href=\"https:\/\/consoc.com.vn\/?page_id=225&#038;lang=vi\"><span class=\"txt txt2\">Trang s\u1ea3n ph\u1ea9m<\/span> <span class=\"fa fa-angle-double-right\"><\/span><br \/>\n<\/a><\/div>\n<\/div>\n<div class=\"row\">\n<div class=\"col-lg-3 col-md-3 col-sm-6 col-xs-6\">\n<div class=\"offer-box\">\n<p><img loading=\"lazy\" decoding=\"async\" class=\"alignnone size-full wp-image-182\" src=\"https:\/\/consoc.com.vn\/wp-content\/uploads\/2017\/02\/paperfilter.jpg\" alt=\"\" width=\"1160\" height=\"755\" srcset=\"https:\/\/consoc.com.vn\/wp-content\/uploads\/2017\/02\/paperfilter.jpg 1160w, https:\/\/consoc.com.vn\/wp-content\/uploads\/2017\/02\/paperfilter-600x391.jpg 600w\" sizes=\"(max-width: 767px) 89vw, (max-width: 1000px) 54vw, (max-width: 1071px) 543px, 580px\" \/><\/p>\n<div class=\"hover-block description-short\">\n<h3>C\u00e0 ph\u00ea phin gi\u1ea5y<\/h3>\n<p class=\"textShort\">L\u00e0 s\u00e1ng ch\u1ebf \u0111\u01b0\u1ee3c b\u1ea3o h\u1ed9 c\u1ee7a C\u00e0 ph\u00ea Con S\u00f3c v\u1edbi nhi\u1ec1u \u01b0u \u0111i\u1ec3m: nhanh, ch\u1ea5t l\u01b0\u1ee3ng, ti\u1ec7n d\u1ee5ng.<\/p>\n<p><a class=\"readmore\" href=\"https:\/\/consoc.com.vn\/?page_id=225&#038;lang=vi#phin-giay\"><br \/>\nXem th\u00eam<br \/>\n<\/a><\/p>\n<\/div>\n<\/div>\n<\/div>\n<div class=\"col-lg-3 col-md-3 col-sm-6 col-xs-6\">\n<div class=\"offer-box\">\n<p><img loading=\"lazy\" decoding=\"async\" class=\"alignnone size-full wp-image-185\" src=\"https:\/\/consoc.com.vn\/wp-content\/uploads\/2017\/02\/alubag.jpg\" alt=\"\" width=\"1160\" height=\"755\" srcset=\"https:\/\/consoc.com.vn\/wp-content\/uploads\/2017\/02\/alubag.jpg 1160w, https:\/\/consoc.com.vn\/wp-content\/uploads\/2017\/02\/alubag-600x391.jpg 600w\" sizes=\"(max-width: 767px) 89vw, (max-width: 1000px) 54vw, (max-width: 1071px) 543px, 580px\" \/><\/p>\n<div class=\"hover-block description-short\">\n<h3>C\u00e0 ph\u00ea b\u1ed9t<\/h3>\n<p class=\"textShort\">G\u1ed3m hai lo\u1ea1i m\u00e0u n\u00e2u v\u00e0 xanh v\u1edbi h\u01b0\u01a1ng v\u1ecb kh\u00e1c nhau \u0111\u01b0\u1ee3c \u0111\u00f3ng g\u00f3i trong t\u00fai nh\u00f4m.<\/p>\n<p><a class=\"readmore\" href=\"https:\/\/consoc.com.vn\/?page_id=225&#038;lang=vi#ca-phe-bot\"><br \/>\nXem th\u00eam<\/a><\/p>\n<\/div>\n<\/div>\n<\/div>\n<div class=\"col-lg-3 col-md-3 col-sm-6 col-xs-6\">\n<div class=\"offer-box\">\n<p><img loading=\"lazy\" decoding=\"async\" class=\"alignnone size-full wp-image-183\" src=\"https:\/\/consoc.com.vn\/wp-content\/uploads\/2017\/02\/giftbox.jpg\" alt=\"\" width=\"1160\" height=\"755\" srcset=\"https:\/\/consoc.com.vn\/wp-content\/uploads\/2017\/02\/giftbox.jpg 1160w, https:\/\/consoc.com.vn\/wp-content\/uploads\/2017\/02\/giftbox-600x391.jpg 600w\" sizes=\"(max-width: 767px) 89vw, (max-width: 1000px) 54vw, (max-width: 1071px) 543px, 580px\" \/><\/p>\n<div class=\"hover-block description-short\">\n<h3>H\u1ed9p qu\u00e0 t\u1eb7ng<\/h3>\n<p class=\"textShort\">C\u00e0 ph\u00ea b\u1ed9t Con S\u00f3c \u0111\u1eb7t trong h\u1ed9p gi\u1ea5y sang tr\u1ecdng, l\u1ecbch s\u1ef1 th\u00edch h\u1ee3p \u0111\u1ec3 l\u00e0m qu\u00e0 bi\u1ebfu.<\/p>\n<p><a class=\"readmore\" href=\"https:\/\/consoc.com.vn\/?page_id=225&#038;lang=vi#hop-giay\"><br \/>\nXem th\u00eam<\/a><\/p>\n<\/div>\n<\/div>\n<\/div>\n<div class=\"col-lg-3 col-md-3 col-sm-6 col-xs-6\">\n<div class=\"offer-box\">\n<p><img loading=\"lazy\" decoding=\"async\" class=\"alignnone size-full wp-image-184\" src=\"https:\/\/consoc.com.vn\/wp-content\/uploads\/2018\/10\/Whole-Bean.jpg\" alt=\"\" width=\"1160\" height=\"755\" \/><\/p>\n<div class=\"hover-block description-short\">\n<h3>C\u00e0 ph\u00ea h\u1ea1t<\/h3>\n<p class=\"textShort\">H\u1ea1t c\u00e0 ph\u00ea tuy\u1ec3n l\u1ef1a \u0111\u01b0\u1ee3c ch\u1ebf bi\u1ebfn s\u1ea1ch, t\u1ef1 nhi\u00ean \u0111\u1ec3 gi\u1eef h\u01b0\u01a1ng th\u01a1m, v\u1ecb c\u00e0 ph\u00ea nguy\u00ean ch\u1ea5t.<\/p>\n<p><a class=\"readmore\" href=\"https:\/\/consoc.com.vn\/?page_id=225&#038;lang=vi#nguyen-hat\"><br \/>\nXem th\u00eam<\/a><\/p>\n<\/div>\n<\/div>\n<\/div>\n<\/div>\n","protected":false},"excerpt":{"rendered":"<p>Kh\u00e1m ph\u00e1 s\u00e1ng ch\u1ebf phin l\u1ecdc \u0111\u1ed9c \u0111\u00e1o Trang s\u1ea3n ph\u1ea9m C\u00e0 ph\u00ea phin gi\u1ea5y L\u00e0 s\u00e1ng ch\u1ebf \u0111\u01b0\u1ee3c b\u1ea3o h\u1ed9 c\u1ee7a C\u00e0 ph\u00ea Con S\u00f3c v\u1edbi nhi\u1ec1u \u01b0u \u0111i\u1ec3m: nhanh, ch\u1ea5t l\u01b0\u1ee3ng, ti\u1ec7n d\u1ee5ng. Xem th\u00eam C\u00e0 ph\u00ea b\u1ed9t G\u1ed3m hai lo\u1ea1i m\u00e0u n\u00e2u v\u00e0 xanh v\u1edbi h\u01b0\u01a1ng v\u1ecb kh\u00e1c nhau \u0111\u01b0\u1ee3c \u0111\u00f3ng g\u00f3i &hellip; <\/p>\n<p class=\"link-more\"><a href=\"https:\/\/consoc.com.vn\/?page_id=2&#038;lang=vi\" class=\"more-link\">Continue reading<span class=\"screen-reader-text\"> &#8220;Trang ch\u1ee7&#8221;<\/span><\/a><\/p>\n","protected":false},"author":1,"featured_media":0,"parent":0,"menu_order":0,"comment_status":"closed","ping_status":"open","template":"","meta":{"footnotes":""},"_links":{"self":[{"href":"https:\/\/consoc.com.vn\/index.php?rest_route=\/wp\/v2\/pages\/2"}],"collection":[{"href":"https:\/\/consoc.com.vn\/index.php?rest_route=\/wp\/v2\/pages"}],"about":[{"href":"https:\/\/consoc.com.vn\/index.php?rest_route=\/wp\/v2\/types\/page"}],"author":[{"embeddable":true,"href":"https:\/\/consoc.com.vn\/index.php?rest_route=\/wp\/v2\/users\/1"}],"replies":[{"embeddable":true,"href":"https:\/\/consoc.com.vn\/index.php?rest_route=%2Fwp%2Fv2%2Fcomments&post=2"}],"version-history":[{"count":24,"href":"https:\/\/consoc.com.vn\/index.php?rest_route=\/wp\/v2\/pages\/2\/revisions"}],"predecessor-version":[{"id":3164,"href":"https:\/\/consoc.com.vn\/index.php?rest_route=\/wp\/v2\/pages\/2\/revisions\/3164"}],"wp:attachment":[{"href":"https:\/\/consoc.com.vn\/index.php?rest_route=%2Fwp%2Fv2%2Fmedia&parent=2"}],"curies":[{"name":"wp","href":"https:\/\/api.w.org\/{rel}","templated":true}]}}