{"id":1284,"date":"2017-04-21T09:22:48","date_gmt":"2017-04-21T09:22:48","guid":{"rendered":"http:\/\/consoc.com.vn\/?page_id=1284"},"modified":"2017-05-08T22:12:41","modified_gmt":"2017-05-08T15:12:41","slug":"dieu-khoan-va-dieu-kien","status":"publish","type":"page","link":"https:\/\/consoc.com.vn\/?page_id=1284&lang=vi","title":{"rendered":"\u0110i\u1ec1u kho\u1ea3n v\u00e0 \u0110i\u1ec1u ki\u1ec7n"},"content":{"rendered":"<div class=\"titleMain clearfix\">\n<header class=\"name-product\">\n<h1>\u0110i\u1ec1u kho\u1ea3n v\u00e0 \u0110i\u1ec1u ki\u1ec7n<\/h1>\n<\/header>\n<\/div>\n<div class=\"pri-policy contain\">\n<div class=\"row\">\n<div class=\"col-lg-12 col-md-12 col-sm-12 col-xs-12\">\n<section class=\"infor-about\">\n<div class=\"media\">\n<div class=\"media-body\">\n<div class=\"paragraphs\">\n<p>Xin qu\u00fd kh\u00e1ch vui l\u00f2ng l\u01b0u \u00fd m\u1ed9t s\u1ed1 \u0111i\u1ec1u kho\u1ea3n, \u0111i\u1ec1u ki\u1ec7n d\u01b0\u1edbi \u0111\u00e2y tr\u01b0\u1edbc khi s\u1eed d\u1ee5ng. C\u00e1c \u0111i\u1ec1u kho\u1ea3n v\u00e0 \u0111i\u1ec1u ki\u1ec7n n\u00e0y \u00e1p d\u1ee5ng cho c\u00e1c n\u1ed9i dung c\u1ee7a trang web www.consoc.com.vn v\u00e0 c\u00e1c s\u1ea3n ph\u1ea9m m\u00e0 trang web cung c\u1ea5p tr\u1ef1c tuy\u1ebfn. Khi truy c\u1eadp ho\u1eb7c \u0111\u1ed3ng \u00fd giao d\u1ecbch mua h\u00e0ng ngh\u0129a l\u00e0 quy\u0301 kh\u00e1ch \u0111\u00e3 ch\u1ea5p nh\u1eadn s\u1ef1 r\u00e0ng bu\u1ed9c b\u1edfi c\u00e1c \u0111i\u1ec1u kho\u1ea3n v\u00e0 \u0111i\u1ec1u ki\u1ec7n sau:<\/p>\n<p><strong>1.Quy \u0111\u1ecbnh \u0111\u1ed1i v\u1edbi ng\u01b0\u1eddi s\u1eed d\u1ee5ng<\/strong><\/p>\n<p>HTX C\u00f4ng N\u00f4ng Tr\u01b0\u1eddng S\u01a1n c\u00f3 quy\u1ec1n c\u1eadp nh\u1eadt ho\u1eb7c s\u1eeda \u0111\u1ed5i c\u00e1c \u0111i\u1ec1u kho\u1ea3n v\u00e0 \u0111i\u1ec1u ki\u1ec7n b\u1ea5t c\u1ee9 l\u00fac n\u00e0o m\u00e0 kh\u00f4ng c\u1ea7n th\u00f4ng b\u00e1o tr\u01b0\u1edbc. C\u00e1c thay \u0111\u1ed5i c\u00f3 hi\u1ec7u l\u1ef1c ngay khi \u0111\u01b0\u1ee3c c\u1eadp nh\u1eadt. Qu\u00fd kh\u00e1ch vui l\u00f2ng ki\u1ec3m tra nh\u1eefng thay \u0111\u1ed5i m\u1edbi nh\u1ea5t m\u1ed7i khi s\u1eed d\u1ee5ng trang web. Qu\u00fd kh\u00e1ch s\u1eed d\u1ee5ng trang web sau l\u00fac c\u00e1c thay \u0111\u1ed5i v\u1ec1 \u0110i\u1ec1u Kho\u1ea3n v\u00e0 \u0110i\u1ec1u Ki\u1ec7n \u0111\u01b0\u1ee3c \u0111\u0103ng t\u1ea3i, c\u00f3 ngh\u0129a l\u00e0 qu\u00fd kh\u00e1ch ch\u1ea5p nh\u1eadn v\u1edbi nh\u1eefng thay \u0111\u1ed5i \u0111\u00f3.<\/p>\n<p>Khi \u0111\u1eb7t h\u00e0ng, qu\u00fd kh\u00e1ch ph\u1ea3i cung c\u1ea5p \u0111\u1ea7y \u0111\u1ee7 th\u00f4ng tin x\u00e1c th\u1ef1c, v\u00e0 ph\u1ea3i c\u1eadp nh\u1eadt khi c\u00f3 nh\u1eefng thay \u0111\u1ed5i. Qu\u00fd kh\u00e1ch ch\u1ecbu tr\u00e1ch nhi\u1ec7m v\u1edbi m\u1eadt kh\u1ea9u, t\u00e0i kho\u1ea3n v\u00e0 ho\u1ea1t \u0111\u1ed9ng c\u1ee7a m\u00ecnh tr\u00ean trang web. Ch\u00fang t\u00f4i kh\u00f4ng ch\u1ecbu b\u1ea5t k\u1ef3 tr\u00e1ch nhi\u1ec7m n\u00e0o \u0111\u1ed1i v\u1edbi nh\u1eefng thi\u1ec7t h\u1ea1i ho\u1eb7c m\u1ea5t m\u00e1t x\u1ea3y ra do qu\u00fd kh\u00e1ch kh\u00f4ng tu\u00e2n th\u1ee7 c\u00e1c quy \u0111\u1ecbnh v\u00e0 \u0111i\u1ec1u kho\u1ea3n.<\/p>\n<p><strong>2.\u0110\u01a1n h\u00e0ng v\u00e0 gi\u00e1 c\u1ea3:<\/strong><\/p>\n<p>Ch\u00fang t\u00f4i c\u00f3 quy\u1ec1n t\u1eeb ch\u1ed1i, ho\u1eb7c h\u1ee7y \u0111\u01a1n h\u00e0ng c\u1ee7a qu\u00fd kh\u00e1ch v\u00ec nh\u1eefng l\u00fd do ph\u00e1t sinh. Ch\u00fang t\u00f4i c\u00f3 th\u1ec3 h\u1ecfi th\u00eam th\u00f4ng tin tr\u01b0\u1edbc khi quy\u1ebft \u0111\u1ecbnh ch\u1ea5p nh\u1eadn ho\u1eb7c h\u1ee7y \u0111\u01a1n h\u00e0ng c\u1ee7a qu\u00fd kh\u00e1ch. Qu\u00fd kh\u00e1ch kh\u00f4ng \u0111\u01b0\u1ee3c quy\u1ec1n h\u1ee7y \u0111\u01a1n h\u00e0ng khi \u0111\u00e3 \u0111\u1eb7t h\u00e0ng th\u00e0nh c\u00f4ng.<\/p>\n<p>Ch\u00fang t\u00f4i cam k\u1ebft \u0111\u01b0a \u0111\u00fang th\u00f4ng tin s\u1ea3n ph\u1ea9m v\u00e0 gi\u00e1 c\u1ea3 h\u00e0ng h\u00f3a tr\u00ean trang web. Trong tr\u01b0\u1eddng h\u1ee3p c\u00f3 sai s\u00f3t, t\u00f9y theo t\u1eebng tr\u01b0\u1eddng h\u1ee3p ch\u00fang t\u00f4i s\u1ebd li\u00ean h\u1ec7 h\u01b0\u1edbng d\u1eabn ho\u1eb7c th\u00f4ng b\u00e1o gi\u1ea3i quy\u1ebft h\u1ee7y \u0111\u01a1n h\u00e0ng cho qu\u00fd kh\u00e1ch.<\/p>\n<p><strong>3.C\u00e1ch th\u1ee9c h\u00ecnh th\u00e0nh h\u1ee3p \u0111\u1ed3ng v\u00e0 thanh to\u00e1n: <\/strong><\/p>\n<p>Khi \u0111\u1eb7t h\u00e0ng, quy\u0301 kh\u00e1ch ph\u1ea3i cung c\u1ea5p cho ch\u00fang t\u00f4i nh\u1eefng th\u00f4ng tin ch\u00ednh x\u00e1c theo nh\u01b0 h\u01b0\u1edbng d\u1eabn mua h\u00e0ng tr\u00ean trang web. Khi \u0111\u00e3 ch\u1ecdn s\u1ea3n ph\u1ea9m v\u00e0o gi\u1ecf h\u00e0ng v\u00e0 th\u1ef1c hi\u1ec7n ti\u1ebfp c\u00e1c b\u01b0\u1edbc \u0111\u1eb7t h\u00e0ng, v\u00e0 thanh to\u00e1n quy\u0301 kh\u00e1ch s\u1ebd \u0111\u01b0\u1ee3c th\u00f4ng b\u00e1o nh\u1eefng chi ph\u00ed ph\u1ea3i tr\u1ea3, bao g\u1ed3m gi\u00e1 tr\u1ecb h\u00e0ng h\u00f3a, thu\u1ebf ph\u00ed v\u00e0 d\u1ecbch v\u1ee5. Tr\u1eeb khi c\u00f3 quy \u0111\u1ecbnh kh\u00e1c, m\u1ecdi chi ph\u00ed thanh to\u00e1n s\u1ebd \u0111\u01b0\u1ee3c tr\u1ea3 b\u1eb1ng ti\u1ec1n \u0111\u1ed3ng Vi\u1ec7t Nam \u0111ang c\u00f3 hi\u1ec7u l\u1ef1c.<\/p>\n<p>Tr\u1eeb ph\u01b0\u01a1ng th\u1ee9c thanh to\u00e1n b\u1eb1ng ti\u1ec1n m\u1eb7t khi nh\u1eadn h\u00e0ng, qu\u00fd kh\u00e1ch s\u1ebd ph\u1ea3i thanh to\u00e1n \u0111\u1ee7 s\u1ed1 ti\u1ec1n t\u1ea1i th\u1eddi \u0111i\u1ec3m \u0111\u1eb7t h\u00e0ng tr\u01b0\u1edbc khi \u0111\u01a1n h\u00e0ng c\u1ee7a qu\u00fd kh\u00e1ch \u0111\u01b0\u1ee3c ti\u1ebfn h\u00e0nh x\u1eed l\u00fd. Trong b\u1ea5t c\u1ee9 tr\u01b0\u1eddng h\u1ee3p n\u00e0o ch\u00fang t\u00f4i s\u1ebd kh\u00f4ng giao h\u00e0ng tr\u01b0\u1edbc khi quy\u0301 kh\u00e1ch \u0111\u00e3 ho\u00e0n t\u1ea5t vi\u1ec7c thanh to\u00e1n.<\/p>\n<p>N\u1ebfu quy\u0301 kh\u00e1ch thanh to\u00e1n tr\u1ef1c tuy\u1ebfn b\u1eb1ng th\u1ebb, quy\u0301 kh\u00e1ch ph\u1ea3i c\u00f3 \u0111\u1ea7y \u0111\u1ee7 quy\u1ec1n s\u1eed d\u1ee5ng th\u1ebb ho\u1eb7c t\u00e0i kho\u1ea3n thanh to\u00e1n. Th\u1ebb ho\u1eb7c t\u00e0i kho\u1ea3n ph\u1ea3i c\u00f3 \u0111\u1ee7 ti\u1ec1n \u0111\u1ec3 tr\u1ea3 c\u00e1c kho\u1ea3n thanh to\u00e1n. Ch\u00fang t\u00f4i c\u00f3 quy\u1ec1n x\u00e1c nh\u1eadn th\u00f4ng tin thanh to\u00e1n c\u1ee7a quy\u0301 kh\u00e1ch tr\u01b0\u1edbc khi cung c\u1ea5p s\u1ea3n ph\u1ea9m.<\/p>\n<p>H\u1ee3p \u0111\u1ed3ng s\u1ebd \u0111\u01b0\u1ee3c h\u00ecnh th\u00e0nh v\u00e0 ch\u00fang t\u00f4i s\u1ebd b\u1ecb r\u00e0ng bu\u1ed9c ph\u1ea3i cung c\u1ea5p s\u1ea3n ph\u1ea9m cho quy\u0301 kh\u00e1ch khi ch\u00fang t\u00f4i ch\u1ea5p nh\u1eadn \u0111\u01a1n h\u00e0ng. Quy\u0301 kh\u00e1ch s\u1ebd nh\u1eadn \u0111\u01b0\u1ee3c th\u01b0 x\u00e1c nh\u1eadn qua \u0111\u1ecba ch\u1ec9 th\u01b0 \u0111i\u1ec7n t\u1eed m\u00e0 qu\u00fd kh\u00e1ch \u0111\u00e3 cung c\u1ea5p. Cho \u0111\u1ebfn l\u00fac ch\u1ea5p nh\u1eadn, ch\u00fang t\u00f4i c\u00f3 quy\u1ec1n t\u1eeb ch\u1ed1i \u0111\u01a1n h\u00e0ng. N\u1ebfu h\u1ee7y \u0111\u01a1n h\u00e0ng, ch\u00fang t\u00f4i s\u1ebd nhanh ch\u00f3ng ho\u00e0n tr\u1ea3 s\u1ed1 ti\u1ec1n \u0111\u00e3 \u0111\u01b0\u1ee3c quy\u0301 kh\u00e1ch thanh to\u00e1n b\u1eb1ng th\u1ebb ho\u1eb7c chuy\u1ec3n kho\u1ea3n.<\/p>\n<p><strong>4.Giao nh\u1eadn s\u1ea3n ph\u1ea9m:<\/strong><\/p>\n<p>Ch\u00fang t\u00f4i s\u1ebd giao s\u1ea3n ph\u1ea9m \u0111\u1ebfn \u0111\u1ecba ch\u1ec9 giao h\u00e0ng trong \u0111\u01a1n h\u00e0ng. Ch\u00fang t\u00f4i s\u1ebd giao h\u00e0ng trong kho\u1ea3ng th\u1eddi gian m\u00e0 ch\u00fang t\u00f4i \u0111\u00e3 \u0111\u1ecbnh tr\u01b0\u1edbc ch\u1ee9 kh\u00f4ng th\u1ec3 x\u00e1c \u0111\u1ecbnh \u0111\u01b0\u1ee3c ng\u00e0y gi\u1edd giao h\u00e0ng c\u1ee5 th\u1ec3 ch\u00ednh x\u00e1c khi qu\u00fd kh\u00e1ch \u0111\u1eb7t mua. Ch\u00fang t\u00f4i s\u1ebd c\u1ed1 g\u1eafng giao h\u00e0ng trong th\u1eddi gian s\u1edbm nh\u1ea5t, t\u00f9y v\u00e0o \u0111\u1ecba \u0111i\u1ec3m giao h\u00e0ng.<\/p>\n<p>Ch\u00fang t\u00f4i s\u1ebd th\u00f4ng b\u00e1o n\u1ebfu nh\u01b0 c\u00f3 s\u1ef1 ch\u1eadm tr\u1ec5 trong vi\u1ec7c giao h\u00e0ng, ch\u00fang t\u00f4i s\u1ebd kh\u00f4ng ch\u1ecbu tr\u00e1ch nhi\u1ec7m cho b\u1ea5t c\u1ee9 t\u1ed5n th\u1ea5t, chi ph\u00ed, thi\u1ec7t h\u1ea1i, ho\u1eb7c c\u01b0\u1edbc ph\u00ed ph\u00e1t sinh t\u1eeb vi\u1ec7c giao h\u00e0ng tr\u1ec5. \u0110\u1ed1i v\u1edbi nh\u1eefng \u0111\u1ecba \u0111i\u1ec3m ch\u00fang t\u00f4i kh\u00f4ng giao h\u00e0ng \u0111\u1ebfn \u0111\u01b0\u1ee3c, ch\u00fang t\u00f4i s\u1ebd th\u1ef1c hi\u1ec7n vi\u1ec7c th\u00f4ng b\u00e1o v\u00e0 s\u1eafp x\u1ebfp h\u1ee7y \u0111\u01a1n h\u00e0ng ho\u1eb7c giao h\u00e0ng \u0111\u1ebfn m\u1ed9t \u0111\u1ecba ch\u1ec9 kh\u00e1c cho qu\u00fd kh\u00e1ch.<\/p>\n<p>Khi h\u00e0ng \u0111\u01b0\u1ee3c giao, quy\u0301 kh\u00e1ch s\u1ebd \u0111\u01b0\u1ee3c y\u00eau c\u1ea7u k\u00fd x\u00e1c nh\u1eadn vi\u1ec7c \u0111\u00e3 nh\u1eadn h\u00e0ng \u0111\u1ea7y \u0111\u1ee7 nh\u01b0 trong \u0111\u01a1n \u0111\u1eb7t h\u00e0ng. Quy\u0301 kh\u00e1ch s\u1ebd ph\u1ea3i ki\u1ec3m tra s\u1ea3n ph\u1ea9m cho b\u1ea5t k\u00ec l\u1ed7i ho\u1eb7c h\u01b0 h\u1ea1i n\u00e0o x\u1ea3y ra tr\u01b0\u1edbc khi ky\u0301 nh\u1eadn h\u00e0ng.<\/p>\n<p>Quy\u0301 kh\u00e1ch ph\u1ea3i \u0111\u1ea3m b\u1ea3o s\u1eb5n s\u00e0ng nh\u1eadn h\u00e0ng m\u00e0 kh\u00f4ng c\u00f3 b\u1ea5t c\u1ee9 s\u1ef1 ch\u1eadm tr\u1ec5 n\u00e0o v\u00e0o b\u1ea5t k\u1ef3 th\u1eddi gian n\u00e0o h\u1ee3p ly\u0301 m\u00e0 ch\u00fang t\u00f4i \u0111\u01b0a ra. \u0110\u01a1n h\u00e0ng c\u1ee7a qu\u00fd kh\u00e1ch s\u1ebd \u0111\u01b0\u1ee3c li\u00ean h\u1ec7 giao h\u00e0ng t\u1ed1i \u0111a trong 02 l\u1ea7n. Tr\u01b0\u1eddng h\u1ee3p giao h\u00e0ng l\u1ea7n \u0111\u1ea7u kh\u00f4ng th\u00e0nh c\u00f4ng, ch\u00fang t\u00f4i s\u1ebd li\u00ean h\u1ec7 trong 24h ti\u1ebfp theo \u0111\u1ec3 s\u1eafp x\u1ebfp l\u1ecbch giao h\u00e0ng l\u1ea7n 02 cho qu\u00fd kh\u00e1ch. Trong tr\u01b0\u1eddng h\u1ee3p kh\u00f4ng li\u00ean h\u1ec7 \u0111\u01b0\u1ee3c ho\u1eb7c kh\u00f4ng nh\u1eadn \u0111\u01b0\u1ee3c b\u1ea5t k\u00ec ph\u1ea3n h\u1ed3i n\u00e0o t\u1eeb qu\u00fd kh\u00e1ch, \u0111\u01a1n h\u00e0ng s\u1ebd t\u1ef1 \u0111\u1ed9ng b\u1ecb h\u1ee7y.<\/p>\n<p><strong>5.B\u1ea3n quy\u1ec1n v\u00e0 s\u1edf h\u1eefu tr\u00ed tu\u1ec7:<\/strong><\/p>\n<p>Qu\u00fd kh\u00e1ch kh\u00f4ng \u0111\u01b0\u1ee3c sao ch\u00e9p, t\u1ea3i v\u1ec1, in \u1ea5n, xu\u1ea5t b\u1ea3n, ph\u00e2n ph\u1ed1i, chuy\u1ec3n giao, d\u1ecbch, s\u1eeda \u0111\u1ed5i, b\u1ed5 sung, c\u00e1c n\u1ed9i dung, h\u00ecnh \u1ea3nh v\u00e0 t\u00e0i li\u1ec7u tr\u00ean trang web m\u00e0 kh\u00f4ng c\u00f3 s\u1ef1 cho ph\u00e9p b\u1eb1ng v\u0103n b\u1ea3n t\u1eeb ch\u00fang t\u00f4i.<\/p>\n<p>HTX C\u00f4ng N\u00f4ng Tr\u01b0\u1eddng S\u01a1n l\u00e0 ch\u1ee7 s\u1edf h\u1eefu, gi\u1eef b\u1ea3n quy\u1ec1n \u0111\u1ed1i v\u1edbi trang web v\u00e0 c\u00e1c t\u00e0i li\u1ec7u \u0111\u0103ng t\u1ea3i tr\u00ean trang web. C\u00e1c n\u1ed9i dung c\u1ee7a trang web \u0111\u01b0\u1ee3c b\u1ea3o v\u1ec7 b\u1edfi Lu\u1eadt b\u1ea3n quy\u1ec1n, Lu\u1eadt s\u1edf h\u1eefu tr\u00ed tu\u1ec7 c\u1ee7a Vi\u1ec7t Nam v\u00e0 c\u00e1c C\u00f4ng \u01b0\u1edbc qu\u1ed1c t\u1ebf.<\/p>\n<p><strong>6.\u0110i\u1ec1u kho\u1ea3n v\u1ec1 b\u1ea5t kh\u1ea3 kh\u00e1ng:<\/strong><\/p>\n<p>Ch\u00fang t\u00f4i s\u1ebd kh\u00f4ng ch\u1ecbu tr\u00e1ch nhi\u1ec7m cho b\u1ea5t k\u00ec s\u1ef1 vi ph\u1ea1m, ho\u1eb7c ch\u1eadm tr\u1ec5 trong vi\u1ec7c th\u1ef1c hi\u1ec7n h\u1ee3p \u0111\u1ed3ng do b\u1ea5t k\u1ef3 nguy\u00ean nh\u00e2n n\u00e0o n\u1eb1m ngo\u00e0i t\u1ea7m ki\u1ec3m so\u00e1t c\u1ee7a ch\u00fang t\u00f4i trong c\u00e1c tr\u01b0\u1eddng h\u1ee3p b\u1ea5t kh\u1ea3 kh\u00e1ng nh\u01b0: c\u00e1c th\u1ea3m h\u1ecda thi\u00ean nhi\u00ean, l\u0169 l\u1ee5t, h\u1ea1n h\u00e1n, \u0111\u1ed9ng \u0111\u1ea5t, kh\u1edfi ngh\u0129a, b\u1ea1o lo\u1ea1n, chi\u1ebfn tranh, \u0111\u00ecnh c\u00f4ng, d\u1ecbch b\u1ec7nh, h\u1ecfa ho\u1ea1n, ch\u00e1y n\u1ed5, s\u1ef1 c\u1ed1 l\u00e0m gi\u00e1n \u0111o\u1ea1n m\u00e1y m\u00f3c, ph\u1ea7n m\u1ec1m ho\u1eb7c c\u00e1c v\u1ea5n \u0111\u1ec1 v\u1ec1 cung c\u1ea5p c\u00e1c d\u1ecbch v\u1ee5 \u0111i\u1ec7n, vi\u1ec5n th\u00f4ng, Internet, s\u1ef1 c\u1ed1 thi\u1ebfu h\u1ee5t s\u1ea3n ph\u1ea9m, nguy\u00ean li\u1ec7u, thi\u1ebft b\u1ecb, hay v\u1eadn chuy\u1ec3n m\u1eb7c cho nh\u1eefng tr\u01b0\u1eddng h\u1ee3p \u0111\u00f3 c\u00f3 th\u1ec3 l\u01b0\u1eddng tr\u01b0\u1edbc \u0111\u01b0\u1ee3c. Khi tr\u01b0\u1eddng h\u1ee3p b\u1ea5t kh\u1ea3 kh\u00e1ng x\u1ea3y ra, vi\u1ec7c giao h\u00e0ng c\u00f3 th\u1ec3 b\u1ecb ch\u1eadm tr\u1ec5 cho \u0111\u1ebfn khi ch\u00fang t\u00f4i ho\u1ea1t \u0111\u1ed9ng tr\u1edf l\u1ea1i b\u00ecnh th\u01b0\u1eddng.<\/p>\n<p>Ch\u00fang t\u00f4i ho\u1eb7c qu\u00fd kh\u00e1ch c\u00f3 th\u1ec3 ch\u1ea5m d\u1ee9t h\u1ee3p \u0111\u1ed3ng b\u1eb1ng v\u0103n b\u1ea3n th\u00f4ng b\u00e1o cho b\u00ean kia bi\u1ebft khi x\u1ea3y ra c\u00e1c tr\u01b0\u1eddng h\u1ee3p b\u1ea5t kh\u1ea3 kh\u00e1ng. Trong tr\u01b0\u1eddng h\u1ee3p n\u00e0y, kh\u00f4ng b\u00ean n\u00e0o s\u1ebd ch\u1ecbu tr\u00e1ch nhi\u1ec7m cho b\u00ean n\u00e0o khi h\u1ee3p \u0111\u1ed3ng \u0111\u01b0\u1ee3c ch\u1ea5m d\u1ee9t.<\/p>\n<p><strong>7.Gi\u1edbi h\u1ea1n tr\u00e1ch nhi\u1ec7m v\u00e0 \u0111i\u1ec1u kho\u1ea3n th\u1ef1c thi:<\/strong><\/p>\n<p>Trong m\u1ecdi tr\u01b0\u1eddng h\u1ee3p, ch\u00fang t\u00f4i kh\u00f4ng ch\u1ecbu tr\u00e1ch nhi\u1ec7m \u0111\u1ed1i v\u01a1\u0301i m\u1ecdi thi\u1ec7t h\u1ea1i m\u00e0 kh\u00e1ch h\u00e0ng ph\u1ea3i ch\u1ecbu tr\u01b0\u0300 khi do l\u1ed7i c\u1ed1 \u00fd c\u1ee7a ch\u00fang t\u00f4i g\u00e2y ra. Tr\u00e1ch nhi\u1ec7m c\u1ee7a ch\u00fang t\u00f4i \u0111\u1ed1i v\u01a1\u0301i kh\u00e1ch h\u00e0ng (n\u00ea\u0301u c\u00f3) s\u1ebd ch\u1ec9 gi\u01a1\u0301i h\u1ea1n \u1edf gi\u00e1 tr\u1ecb s\u1ea3n ph\u1ea9m m\u00e0 kh\u00e1ch h\u00e0ng \u0111\u1eb7t mua.<\/p>\n<p>HTX C\u00f4ng N\u00f4ng Tr\u01b0\u1eddng S\u01a1n v\u00e0 kh\u00e1ch h\u00e0ng c\u00f3 tr\u00e1ch nhi\u1ec7m th\u1ef1c hi\u1ec7n \u0111\u1ea7y \u0111\u1ee7 m\u1ecdi ngh\u0129a v\u1ee5 quy \u0111\u1ecbnh t\u1ea1i b\u1ea3n \u0110i\u1ec1u Kho\u1ea3n va\u0300 \u0110i\u1ec1u Ki\u1ec7n n\u00e0y. M\u1ecdi v\u1ea5n \u0111\u1ec1 ph\u00e1t sinh trong quan h\u1ec7 h\u1ee3p \u0111\u1ed3ng s\u1ebd \u0111\u01b0\u1ee3c hi\u1ec3u va\u0300 \u0111i\u1ec1u ch\u1ec9nh theo quy \u0111\u1ecbnh c\u1ee7a lu\u1eadt ph\u00e1p Vi\u1ec7t Nam. M\u1ecdi tranh ch\u1ea5p, khi\u00ea\u0301u n\u1ea1i ph\u00e1t sinh li\u00ean quan \u0111\u00ea\u0301n n\u1ed9i dung c\u1ee7a \u0110i\u1ec1u Kho\u1ea3n va\u0300 \u0110i\u1ec1u Ki\u1ec7n n\u00e0y s\u1ebd \u0111\u01b0\u1ee3c gi\u1ea3i quy\u00ea\u0301t th\u00f4ng qua th\u01b0\u01a1ng l\u01b0\u1ee3ng tr\u00ean tinh th\u1ea7n thi\u1ec7n ch\u00ed trong v\u00f2ng ba m\u01b0\u01a1i (30) nga\u0300y. Sau th\u1eddi h\u1ea1n tr\u00ean, n\u00ea\u0301u kh\u00f4ng th\u1ec3 gi\u1ea3i quy\u00ea\u0301t, tranh ch\u1ea5p, khi\u00ea\u0301u n\u1ea1i c\u00f3 th\u1ec3 \u0111\u01b0\u1ee3c gi\u1ea3i quy\u00ea\u0301t t\u1ea1i c\u01a1 quan t\u00f2a a\u0301n c\u00f3 th\u1ea9m quy\u1ec1n.<\/p>\n<\/div>\n<\/div>\n<\/div>\n<\/section>\n<\/div>\n<\/div>\n<\/div>\n","protected":false},"excerpt":{"rendered":"<p>\u0110i\u1ec1u kho\u1ea3n v\u00e0 \u0110i\u1ec1u ki\u1ec7n Xin qu\u00fd kh\u00e1ch vui l\u00f2ng l\u01b0u \u00fd m\u1ed9t s\u1ed1 \u0111i\u1ec1u kho\u1ea3n, \u0111i\u1ec1u ki\u1ec7n d\u01b0\u1edbi \u0111\u00e2y tr\u01b0\u1edbc khi s\u1eed d\u1ee5ng. C\u00e1c \u0111i\u1ec1u kho\u1ea3n v\u00e0 \u0111i\u1ec1u ki\u1ec7n n\u00e0y \u00e1p d\u1ee5ng cho c\u00e1c n\u1ed9i dung c\u1ee7a trang web www.consoc.com.vn v\u00e0 c\u00e1c s\u1ea3n ph\u1ea9m m\u00e0 trang web cung c\u1ea5p tr\u1ef1c tuy\u1ebfn. Khi truy c\u1eadp &hellip; <\/p>\n<p class=\"link-more\"><a href=\"https:\/\/consoc.com.vn\/?page_id=1284&#038;lang=vi\" class=\"more-link\">Continue reading<span class=\"screen-reader-text\"> &#8220;\u0110i\u1ec1u kho\u1ea3n v\u00e0 \u0110i\u1ec1u ki\u1ec7n&#8221;<\/span><\/a><\/p>\n","protected":false},"author":1,"featured_media":0,"parent":0,"menu_order":0,"comment_status":"closed","ping_status":"closed","template":"","meta":{"footnotes":""},"_links":{"self":[{"href":"https:\/\/consoc.com.vn\/index.php?rest_route=\/wp\/v2\/pages\/1284"}],"collection":[{"href":"https:\/\/consoc.com.vn\/index.php?rest_route=\/wp\/v2\/pages"}],"about":[{"href":"https:\/\/consoc.com.vn\/index.php?rest_route=\/wp\/v2\/types\/page"}],"author":[{"embeddable":true,"href":"https:\/\/consoc.com.vn\/index.php?rest_route=\/wp\/v2\/users\/1"}],"replies":[{"embeddable":true,"href":"https:\/\/consoc.com.vn\/index.php?rest_route=%2Fwp%2Fv2%2Fcomments&post=1284"}],"version-history":[{"count":4,"href":"https:\/\/consoc.com.vn\/index.php?rest_route=\/wp\/v2\/pages\/1284\/revisions"}],"predecessor-version":[{"id":1494,"href":"https:\/\/consoc.com.vn\/index.php?rest_route=\/wp\/v2\/pages\/1284\/revisions\/1494"}],"wp:attachment":[{"href":"https:\/\/consoc.com.vn\/index.php?rest_route=%2Fwp%2Fv2%2Fmedia&parent=1284"}],"curies":[{"name":"wp","href":"https:\/\/api.w.org\/{rel}","templated":true}]}}